{"id":22,"date":"2025-07-19T11:36:06","date_gmt":"2025-07-19T11:36:06","guid":{"rendered":"https:\/\/resizefile.com\/?page_id=22"},"modified":"2025-08-17T11:13:41","modified_gmt":"2025-08-17T11:13:41","slug":"image-compressor","status":"publish","type":"page","link":"https:\/\/resizefile.com\/es\/image-compressor\/","title":{"rendered":"Compresor de im\u00e1genes"},"content":{"rendered":"<p>Reduzca f\u00e1cilmente el tama\u00f1o de los archivos con nuestra herramienta de compresi\u00f3n masiva de im\u00e1genes, dise\u00f1ada para trabajar con los formatos JPEG, PNG, GIF y WebP. Comprima grandes lotes de im\u00e1genes r\u00e1pidamente manteniendo una alta calidad visual. Consiga un rendimiento m\u00e1s r\u00e1pido y un almacenamiento eficiente con s\u00f3lo unos clics.<\/p>\n\n\n\n<div class=\"rsimgtool\">        <form id=\"options\" action=\"\">\n\n    <div id=\"dropZone\" class=\"panel\" tabindex=\"0\" role=\"button\" aria-label=\"Cargar im\u00e1genes\">\n        <input type=\"file\" id=\"fileInput\" accept=\"image\/*\" multiple \/>\n        <svg width=\"64\" height=\"64\" viewbox=\"0 0 24 24\" fill=\"none\" stroke=\"var(--accent)\" stroke-width=\"1.5\" stroke-linecap=\"round\" stroke-linejoin=\"round\" aria-hidden=\"true\"><path d=\"M3 15v4a2 2 0 0 0 2 2h14a2 2 0 0 0 2-2v-4\"\/><polyline points=\"17 8 12 3 7 8\"\/><line x1=\"12\" y1=\"3\" x2=\"12\" y2=\"15\"\/><\/svg>\n        <div class=\"hint\">Arrastre y suelte aqu\u00ed hasta 20 im\u00e1genes o haga clic para examinarlas. (JPG, PNG, WEBP, GIF, etc.)<\/div>\n        <div class=\"danger\" id=\"errorMsg\"><\/div>\n    <\/div>\n\n    <div id=\"selectedPanel\" class=\"panel\">\n        <h2 style=\"margin-top:0;font-size:1.05rem\">Im\u00e1genes seleccionadas<\/h2>\n        <div class=\"container\" id=\"input-images\"><\/div>\n\n                                                         \n        <div class=\"controls\">\n            <div class=\"field\">\n                <label for=\"quality\">Calidad (1-100)<\/label>\n                <input type=\"number\" id=\"quality\" name=\"quality\" min=\"1\" max=\"100\" value=\"75\" \/>\n            <\/div>\n            <div class=\"field\">\n                <label for=\"maxsize\">Tama\u00f1o m\u00e1ximo (KB, opcional)<\/label>\n                <input type=\"number\" id=\"maxsize\" name=\"maxsize\" min=\"1\" placeholder=\"Por ejemplo, 300\" \/>\n            <\/div>\n            <div class=\"field\">\n                <label for=\"output-format\">Convertir formato<\/label>\n                <select name=\"format\" id=\"output-format\">\n                       <option value=\"auto\">Auto<\/option>\n                        <option value=\"image\/png\">PNG<\/option>\n                        <option value=\"image\/jpeg\">JPEG<\/option>\n                        <option value=\"image\/webp\">WebP<\/option>\n                        <option value=\"image\/gif\">GIF<\/option>\n                <\/select>\n            <\/div>\n           <div class=\"field\">\n                <label for=\"maxdimension\">Anchura o altura m\u00e1ximas (px, opcional)<\/label>\n                <input type=\"number\" id=\"maxdimension\" name=\"maxdimension\" min=\"1\" placeholder=\"p. ej. 1600\" \/>\n            <\/div>\n        <\/div>\n        <div class=\"actions\">\n            <button id=\"compressBtn\">Comprimir<\/button>\n            <a href=\"\" id=\"clearBtn\" type=\"button\" class=\"secondary\">Claro<\/a>\n        <\/div>\n        <input type=\"hidden\" name=\"trp-form-language\" value=\"es\"\/><\/form>\n        <div class=\"bar-wrap\" id=\"progressSection\">\n            <div class=\"flex-between\">\n                <small id=\"progressLabel\">Barra de progreso<\/small>\n                <small id=\"progressCount\"><\/small>\n            <\/div>\n            <progress id=\"progressBar\" max=\"100\" value=\"0\"><\/progress>\n        <\/div>\n    <\/div>\n\n    <div id=\"resultPanel\" class=\"panel hidden\">\n        <div class=\"flex-between\">\n            <h2 style=\"margin-top:0;font-size:1.05rem\">Im\u00e1genes comprimidas<\/h2>\n            <a id=\"downloadAll\" class=\"secondary\" download=\"compressed-images.zip\">Descargar todo (ZIP)<\/a>\n        <\/div>\n        <div class=\"container\" id=\"output-images\">\n                            <\/div>\n    <\/div>           \n\n<\/div>\n\n\n<p><strong>Privacidad:<\/strong> Todo el procesamiento de im\u00e1genes se ejecuta completamente en el lado del cliente utilizando tecnolog\u00edas integradas en el navegador (por ejemplo, JavaScript). Los datos de las im\u00e1genes nunca salen del dispositivo, no se transmiten por la red y no se escriben ni almacenan en ning\u00fan servidor. Esto garantiza una total privacidad y seguridad, ya que todas las operaciones se realizan en el entorno local del navegador.<\/p>\n\n\n\n<h2 class=\"wp-block-heading\">C\u00f3mo utilizarlo<\/h2>\n\n\n\n<ol class=\"wp-block-list\">\n<li><strong>A\u00f1ade tus im\u00e1genes<\/strong><br>Arrastrar y soltar hasta <strong>20 expedientes<\/strong> en el cuadro de puntos, o haga clic en \u00e9l para navegar. Formatos compatibles: <strong>JPG, PNG, WEBP, GIF (animado o est\u00e1tico)<\/strong>.<\/li>\n\n\n\n<li><strong>Configurar las opciones de compresi\u00f3n (opcional)<\/strong>\n<ul class=\"wp-block-list\">\n<li><strong>Calidad (1-100):<\/strong> Menor = archivo m\u00e1s peque\u00f1o; mayor = mejor fidelidad. Por defecto es <em>75<\/em>.<\/li>\n\n\n\n<li><strong>Tama\u00f1o m\u00e1ximo (KB):<\/strong> Introduzca un objetivo (por ejemplo, <em>300<\/em>) si desea im\u00e1genes de un tama\u00f1o espec\u00edfico o inferior. Deje en blanco para omitir.<\/li>\n\n\n\n<li><strong>Convierte el formato:<\/strong>\n<ul class=\"wp-block-list\">\n<li><strong>Auto<\/strong> = mantener el formato original<\/li>\n\n\n\n<li><strong>JPG<\/strong> = mejor para fotos<\/li>\n\n\n\n<li><strong>PNG<\/strong> = gr\u00e1ficos n\u00edtidos \/ transparencia<\/li>\n\n\n\n<li><strong>WEBP<\/strong> = tama\u00f1o de archivo m\u00ednimo, buena calidad<\/li>\n\n\n\n<li><strong>GIF<\/strong> = convertir en formato GIF animado\/est\u00e1tico<\/li>\n<\/ul>\n<\/li>\n\n\n\n<li><strong>Anchura o altura m\u00e1xima (px):<\/strong> Introduzca una dimensi\u00f3n m\u00e1xima (p. ej, <em>1600<\/em>). Se conserva la relaci\u00f3n de aspecto. Dejar en blanco para mantener el tama\u00f1o original.<\/li>\n<\/ul>\n<\/li>\n\n\n\n<li><strong>Iniciar compresi\u00f3n<\/strong><br>Haga clic en <strong>Comprimir<\/strong>.<\/li>\n\n\n\n<li><strong>Seguimiento del progreso<\/strong><br>Sigue el <strong>Barra de progreso<\/strong> mientras se procesan tus im\u00e1genes.<\/li>\n\n\n\n<li><strong>Descargar resultados<\/strong>\n<ul class=\"wp-block-list\">\n<li>Haga clic en <strong>Descargar todo<\/strong> para obtener todos los archivos de un <strong>Paquete ZIP<\/strong>.<\/li>\n\n\n\n<li>O descargar im\u00e1genes <strong>uno a uno<\/strong>.<\/li>\n<\/ul>\n<\/li>\n\n\n\n<li><strong>Hacer otra tanda (opcional)<\/strong><br>Haga clic en <strong>Claro<\/strong> para reiniciar, ajustar la configuraci\u00f3n y repetir.<\/li>\n<\/ol>\n\n\n\n<p><strong>Consejos:<\/strong><\/p>\n\n\n\n<ul class=\"wp-block-list\">\n<li>Para cargas web: utilice <strong>Calidad 60-80<\/strong> con un <strong>anchura m\u00e1xima de ~1600px<\/strong>.<\/li>\n\n\n\n<li>Para reducir a\u00fan m\u00e1s el tama\u00f1o, combine <strong>cambio de tama\u00f1o + conversi\u00f3n de formato (por ejemplo, WEBP)<\/strong>.<\/li>\n\n\n\n<li><strong>Conversi\u00f3n GIF<\/strong> es \u00fatil si quieres compartir im\u00e1genes animadas de forma m\u00e1s eficaz.<\/li>\n<\/ul>","protected":false},"excerpt":{"rendered":"<p>Reduzca f\u00e1cilmente el tama\u00f1o de los archivos con nuestra herramienta de compresi\u00f3n masiva de im\u00e1genes, dise\u00f1ada para trabajar con los formatos JPEG, PNG, GIF y WebP. Comprime r\u00e1pidamente grandes lotes de im\u00e1genes<\/p>","protected":false},"author":1,"featured_media":91,"parent":0,"menu_order":0,"comment_status":"closed","ping_status":"closed","template":"","meta":{"footnotes":""},"class_list":["post-22","page","type-page","status-publish","has-post-thumbnail","hentry"],"_links":{"self":[{"href":"https:\/\/resizefile.com\/es\/wp-json\/wp\/v2\/pages\/22","targetHints":{"allow":["GET"]}}],"collection":[{"href":"https:\/\/resizefile.com\/es\/wp-json\/wp\/v2\/pages"}],"about":[{"href":"https:\/\/resizefile.com\/es\/wp-json\/wp\/v2\/types\/page"}],"author":[{"embeddable":true,"href":"https:\/\/resizefile.com\/es\/wp-json\/wp\/v2\/users\/1"}],"replies":[{"embeddable":true,"href":"https:\/\/resizefile.com\/es\/wp-json\/wp\/v2\/comments?post=22"}],"version-history":[{"count":36,"href":"https:\/\/resizefile.com\/es\/wp-json\/wp\/v2\/pages\/22\/revisions"}],"predecessor-version":[{"id":112,"href":"https:\/\/resizefile.com\/es\/wp-json\/wp\/v2\/pages\/22\/revisions\/112"}],"wp:featuredmedia":[{"embeddable":true,"href":"https:\/\/resizefile.com\/es\/wp-json\/wp\/v2\/media\/91"}],"wp:attachment":[{"href":"https:\/\/resizefile.com\/es\/wp-json\/wp\/v2\/media?parent=22"}],"curies":[{"name":"wp","href":"https:\/\/api.w.org\/{rel}","templated":true}]}}