{"id":223,"date":"2025-11-08T07:54:50","date_gmt":"2025-11-08T07:54:50","guid":{"rendered":"https:\/\/resizefile.com\/resize-image-by-kb\/compress-jpeg-to-100kb\/"},"modified":"2025-11-08T08:11:46","modified_gmt":"2025-11-08T08:11:46","slug":"compress-jpeg-to-100kb","status":"publish","type":"page","link":"https:\/\/resizefile.com\/es\/resize-image-by-kb\/compress-jpeg-to-100kb\/","title":{"rendered":"Comprimir JPEG, PNG, WebP a 100 KB"},"content":{"rendered":"<link rel='stylesheet' id='compress-main' href='https:\/\/resizefile.com\/cdn\/compress\/main.css' type='text\/css' media='all' \/>\r\n  <p>Comprime f\u00e1cilmente tus im\u00e1genes hasta 100 KB con nuestra r\u00e1pida herramienta de compresi\u00f3n en l\u00ednea. Es compatible con JPEG, PNG, WebP y otros formatos populares, por lo que puede optimizar fotos para sitios web, correos electr\u00f3nicos o cargas. Tanto si se trata de un solo archivo como de im\u00e1genes en bloque, el proceso es r\u00e1pido y fiable. Reduce el tama\u00f1o de tus fotos a 100 KB o menos sin perder calidad ni detalle.<\/p>\r\n\r\n        <div class=\"rsimgtool\">        <form id=\"options\" action=\"\">\r\n\r\n    <div id=\"dropZone\" class=\"panel\" tabindex=\"0\" role=\"button\" aria-label=\"Cargar im\u00e1genes\">\r\n        <input type=\"file\" id=\"fileInput\" accept=\"image\/*\" multiple \/>\r\n        <svg width=\"64\" height=\"64\" viewbox=\"0 0 24 24\" fill=\"none\" stroke=\"var(--accent)\" stroke-width=\"1.5\" stroke-linecap=\"round\" stroke-linejoin=\"round\" aria-hidden=\"true\"><path d=\"M3 15v4a2 2 0 0 0 2 2h14a2 2 0 0 0 2-2v-4\"\/><polyline points=\"17 8 12 3 7 8\"\/><line x1=\"12\" y1=\"3\" x2=\"12\" y2=\"15\"\/><\/svg>\r\n        <div class=\"hint\">Arrastre y suelte aqu\u00ed hasta 20 im\u00e1genes o haga clic para examinarlas. (JPG, PNG, WEBP, GIF, etc.)<\/div>\r\n        <div class=\"danger\" id=\"errorMsg\"><\/div>\r\n    <\/div>\r\n\r\n    <div id=\"selectedPanel\" class=\"panel\">\r\n        <h2 style=\"margin-top:0;font-size:1.05rem\">Im\u00e1genes seleccionadas<\/h2>\r\n        <div class=\"container\" id=\"input-images\"><\/div>\r\n\r\n                                                         \r\n        <div class=\"controls\">\r\n            <div class=\"field hidden\">\r\n                <label for=\"quality\">Calidad (1-100)<\/label>\r\n                <input type=\"number\" id=\"quality\" name=\"quality\" min=\"1\" max=\"100\" value=\"100\" \/>\r\n            <\/div>\r\n            <div class=\"field hidden\">\r\n                <label for=\"maxsize\">Tama\u00f1o m\u00e1ximo (KB)<\/label>\r\n                <input type=\"number\" id=\"maxsize\" name=\"maxsize\" min=\"1\" placeholder=\"Por ejemplo, 300\" value=\"100\" \/>\r\n            <\/div>\r\n            <div class=\"field\">\r\n                <label for=\"output-format\">Convertir formato<\/label>\r\n                <select name=\"format\" id=\"output-format\">\r\n                       <option value=\"auto\">Auto<\/option>\r\n                        <option value=\"image\/png\">PNG<\/option>\r\n                        <option value=\"image\/jpeg\">JPEG<\/option>\r\n                        <option value=\"image\/webp\">WebP<\/option>\r\n                        <option value=\"image\/gif\">GIF<\/option>\r\n                <\/select>\r\n            <\/div>\r\n           <div class=\"field\">\r\n                <label for=\"maxdimension\">Anchura o altura m\u00e1ximas (px, opcional)<\/label>\r\n                <input type=\"number\" id=\"maxdimension\" name=\"maxdimension\" min=\"1\" placeholder=\"p. ej. 1600\" \/>\r\n            <\/div>\r\n        <\/div>\r\n        <div class=\"actions\">\r\n            <button id=\"compressBtn\">Comprimir a 100 KB<\/button>\r\n            <a href=\"\" id=\"clearBtn\" type=\"button\" class=\"secondary\">Claro<\/a>\r\n        <\/div>\r\n        <input type=\"hidden\" name=\"trp-form-language\" value=\"es\"\/><\/form>\r\n        <div class=\"bar-wrap\" id=\"progressSection\">\r\n            <div class=\"flex-between\">\r\n                <small id=\"progressLabel\">Barra de progreso<\/small>\r\n                <small id=\"progressCount\"><\/small>\r\n            <\/div>\r\n            <progress id=\"progressBar\" max=\"100\" value=\"0\"><\/progress>\r\n        <\/div>\r\n    <\/div>\r\n        <p>Nota: Nos esforzamos por preservar la calidad en la medida de lo posible, pero si la diferencia entre el tama\u00f1o del archivo original y el tama\u00f1o objetivo de 100 KB es demasiado grande, ser\u00e1 inevitable que se produzca cierta p\u00e9rdida de calidad.<\/p>\r\n\r\n    <div id=\"resultPanel\" class=\"panel hidden\">\r\n        <div class=\"flex-between\">\r\n            <h2 style=\"margin-top:0;font-size:1.05rem\">Im\u00e1genes comprimidas<\/h2>\r\n            <a id=\"downloadAll\" class=\"secondary\" download=\"compressed-images.zip\">Descargar todo (ZIP)<\/a>\r\n        <\/div>\r\n        <div class=\"container\" id=\"output-images\">\r\n                            <\/div>\r\n    <\/div>           \r\n<p><strong>Privacidad:<\/strong> Todo el procesamiento de im\u00e1genes se ejecuta completamente en el lado del cliente utilizando tecnolog\u00edas integradas en el navegador (por ejemplo, JavaScript). Los datos de las im\u00e1genes nunca salen del dispositivo, no se transmiten por la red y no se escriben ni almacenan en ning\u00fan servidor. Esto garantiza una total privacidad y seguridad, ya que todas las operaciones se realizan en el entorno local del navegador.<\/p>\r\n<section class=\"how-to\" aria-labelledby=\"howto-title\">\r\n  <h2 id=\"howto-title\">C\u00f3mo utilizarlo<\/h2>\r\n  <ol>\r\n    <li><strong>Cargar im\u00e1genes<\/strong> - Arrastre y suelte o haga clic para a\u00f1adir hasta 20 im\u00e1genes a la vez.<\/li>\r\n    <li><strong>Establecer preferencias<\/strong> - Elige el formato de salida (se mantiene por defecto) y establece un ancho\/alto m\u00e1ximo si es necesario.<\/li>\r\n    <li><strong>Comprimir a 100 KB<\/strong> - Pulse <em>Comprimir<\/em> para reducir o comprimir r\u00e1pidamente tus archivos hasta el tama\u00f1o deseado.<\/li>\r\n    <li><strong>Descargar resultados<\/strong> - Guarda las im\u00e1genes una a una o desc\u00e1rgalas todas a la vez en un archivo ZIP.<\/li>\r\n  <\/ol>\r\n  <p>En unos pocos clics, tus im\u00e1genes se optimizar\u00e1n para que no superen los 100 KB, conservando la calidad.<\/p>\r\n<\/section>\r\n<\/div>\r\n<h2 class=\"wp-block-heading\">Elija una talla<\/h2>\r\n<div class=\"kb-link-cloud\"> \r\n <a href=\"https:\/\/resizefile.com\/es\/resize-image-by-kb\/compress-jpeg-to-1kb\/\">\r\n       1 KB\r\n    <\/a>\r\n        <a href=\"https:\/\/resizefile.com\/es\/resize-image-by-kb\/compress-jpeg-to-2kb\/\">\r\n       2 KB\r\n    <\/a>\r\n        <a href=\"https:\/\/resizefile.com\/es\/resize-image-by-kb\/compress-jpeg-to-5kb\/\">\r\n       5 KB\r\n    <\/a>\r\n        <a href=\"https:\/\/resizefile.com\/es\/resize-image-by-kb\/compress-jpeg-to-10kb\/\">\r\n       10 KB\r\n    <\/a>\r\n        <a href=\"https:\/\/resizefile.com\/es\/resize-image-by-kb\/compress-jpeg-to-15kb\/\">\r\n       15 KB\r\n    <\/a>\r\n        <a href=\"https:\/\/resizefile.com\/es\/resize-image-by-kb\/compress-jpeg-to-20kb\/\">\r\n       20 KB\r\n    <\/a>\r\n        <a href=\"https:\/\/resizefile.com\/es\/resize-image-by-kb\/compress-jpeg-to-25kb\/\">\r\n       25 KB\r\n    <\/a>\r\n        <a href=\"https:\/\/resizefile.com\/es\/resize-image-by-kb\/compress-jpeg-to-30kb\/\">\r\n       30 KB\r\n    <\/a>\r\n        <a href=\"https:\/\/resizefile.com\/es\/resize-image-by-kb\/compress-jpeg-to-40kb\/\">\r\n       40 KB\r\n    <\/a>\r\n        <a href=\"https:\/\/resizefile.com\/es\/resize-image-by-kb\/compress-jpeg-to-50kb\/\">\r\n       50 KB\r\n    <\/a>\r\n        <a href=\"https:\/\/resizefile.com\/es\/resize-image-by-kb\/compress-jpeg-to-60kb\/\">\r\n       60 KB\r\n    <\/a>\r\n        <a href=\"https:\/\/resizefile.com\/es\/resize-image-by-kb\/compress-jpeg-to-75kb\/\">\r\n       75 KB\r\n    <\/a>\r\n        <a href=\"https:\/\/resizefile.com\/es\/resize-image-by-kb\/compress-jpeg-to-80kb\/\">\r\n       80 KB\r\n    <\/a>\r\n        <a href=\"https:\/\/resizefile.com\/es\/resize-image-by-kb\/compress-jpeg-to-90kb\/\">\r\n       90 KB\r\n    <\/a>\r\n        <a href=\"https:\/\/resizefile.com\/es\/resize-image-by-kb\/compress-jpeg-to-100kb\/\">\r\n       100 KB\r\n    <\/a>\r\n        <a href=\"https:\/\/resizefile.com\/es\/resize-image-by-kb\/compress-jpeg-to-120kb\/\">\r\n       120 KB\r\n    <\/a>\r\n        <a href=\"https:\/\/resizefile.com\/es\/resize-image-by-kb\/compress-jpeg-to-125kb\/\">\r\n       125 KB\r\n    <\/a>\r\n        <a href=\"https:\/\/resizefile.com\/es\/resize-image-by-kb\/compress-jpeg-to-150kb\/\">\r\n       150 KB\r\n    <\/a>\r\n        <a href=\"https:\/\/resizefile.com\/es\/resize-image-by-kb\/compress-jpeg-to-160kb\/\">\r\n       160 KB\r\n    <\/a>\r\n        <a href=\"https:\/\/resizefile.com\/es\/resize-image-by-kb\/compress-jpeg-to-175kb\/\">\r\n       175 KB\r\n    <\/a>\r\n        <a href=\"https:\/\/resizefile.com\/es\/resize-image-by-kb\/compress-jpeg-to-180kb\/\">\r\n       180 KB\r\n    <\/a>\r\n        <a href=\"https:\/\/resizefile.com\/es\/resize-image-by-kb\/compress-jpeg-to-200kb\/\">\r\n       200 KB\r\n    <\/a>\r\n        <a href=\"https:\/\/resizefile.com\/es\/resize-image-by-kb\/compress-jpeg-to-220kb\/\">\r\n       220 KB\r\n    <\/a>\r\n        <a href=\"https:\/\/resizefile.com\/es\/resize-image-by-kb\/compress-jpeg-to-250kb\/\">\r\n       250 KB\r\n    <\/a>\r\n        <a href=\"https:\/\/resizefile.com\/es\/resize-image-by-kb\/compress-jpeg-to-256kb\/\">\r\n       256 KB\r\n    <\/a>\r\n        <a href=\"https:\/\/resizefile.com\/es\/resize-image-by-kb\/compress-jpeg-to-300kb\/\">\r\n       300 KB\r\n    <\/a>\r\n        <a href=\"https:\/\/resizefile.com\/es\/resize-image-by-kb\/compress-jpeg-to-320kb\/\">\r\n       320 KB\r\n    <\/a>\r\n        <a href=\"https:\/\/resizefile.com\/es\/resize-image-by-kb\/compress-jpeg-to-350kb\/\">\r\n       350 KB\r\n    <\/a>\r\n        <a href=\"https:\/\/resizefile.com\/es\/resize-image-by-kb\/compress-jpeg-to-400kb\/\">\r\n       400 KB\r\n    <\/a>\r\n        <a href=\"https:\/\/resizefile.com\/es\/resize-image-by-kb\/compress-jpeg-to-450kb\/\">\r\n       450 KB\r\n    <\/a>\r\n        <a href=\"https:\/\/resizefile.com\/es\/resize-image-by-kb\/compress-jpeg-to-500kb\/\">\r\n       500 KB\r\n    <\/a>\r\n        <a href=\"https:\/\/resizefile.com\/es\/resize-image-by-kb\/compress-jpeg-to-512kb\/\">\r\n       512 KB\r\n    <\/a>\r\n        <a href=\"https:\/\/resizefile.com\/es\/resize-image-by-kb\/compress-jpeg-to-600kb\/\">\r\n       600 KB\r\n    <\/a>\r\n        <a href=\"https:\/\/resizefile.com\/es\/resize-image-by-kb\/compress-jpeg-to-700kb\/\">\r\n       700 KB\r\n    <\/a>\r\n        <a href=\"https:\/\/resizefile.com\/es\/resize-image-by-kb\/compress-jpeg-to-750kb\/\">\r\n       750 KB\r\n    <\/a>\r\n        <a href=\"https:\/\/resizefile.com\/es\/resize-image-by-kb\/compress-jpeg-to-800kb\/\">\r\n       800 KB\r\n    <\/a>\r\n        <a href=\"https:\/\/resizefile.com\/es\/resize-image-by-kb\/compress-jpeg-to-900kb\/\">\r\n       900 KB\r\n    <\/a>\r\n        <a href=\"https:\/\/resizefile.com\/es\/resize-image-by-kb\/compress-jpeg-to-1000kb\/\">\r\n       1000 KB\r\n    <\/a>\r\n  <\/div>\r\n  <script type=\"module\" src=\"https:\/\/resizefile.com\/cdn\/compress\/compress-main.js\"><\/script>\r\n<style>\r\n    .kb-link-cloud {\r\n        display: flex; flex-wrap: wrap; gap: 8px;\r\n    }\r\n    .kb-link-cloud a {\r\npadding: 6px 12px; background:#0073e6; color:white; text-decoration:none; border-radius:6px; font-size:14px;\r\n    }\r\n    <\/style>","protected":false},"excerpt":{"rendered":"","protected":false},"author":1,"featured_media":0,"parent":95,"menu_order":0,"comment_status":"open","ping_status":"open","template":"","meta":{"footnotes":""},"class_list":["post-223","page","type-page","status-publish","hentry"],"_links":{"self":[{"href":"https:\/\/resizefile.com\/es\/wp-json\/wp\/v2\/pages\/223","targetHints":{"allow":["GET"]}}],"collection":[{"href":"https:\/\/resizefile.com\/es\/wp-json\/wp\/v2\/pages"}],"about":[{"href":"https:\/\/resizefile.com\/es\/wp-json\/wp\/v2\/types\/page"}],"author":[{"embeddable":true,"href":"https:\/\/resizefile.com\/es\/wp-json\/wp\/v2\/users\/1"}],"replies":[{"embeddable":true,"href":"https:\/\/resizefile.com\/es\/wp-json\/wp\/v2\/comments?post=223"}],"version-history":[{"count":1,"href":"https:\/\/resizefile.com\/es\/wp-json\/wp\/v2\/pages\/223\/revisions"}],"predecessor-version":[{"id":249,"href":"https:\/\/resizefile.com\/es\/wp-json\/wp\/v2\/pages\/223\/revisions\/249"}],"up":[{"embeddable":true,"href":"https:\/\/resizefile.com\/es\/wp-json\/wp\/v2\/pages\/95"}],"wp:attachment":[{"href":"https:\/\/resizefile.com\/es\/wp-json\/wp\/v2\/media?parent=223"}],"curies":[{"name":"wp","href":"https:\/\/api.w.org\/{rel}","templated":true}]}}