{"id":252,"date":"2025-11-08T08:23:15","date_gmt":"2025-11-08T08:23:15","guid":{"rendered":"https:\/\/resizefile.com\/?page_id=252"},"modified":"2025-11-10T07:20:56","modified_gmt":"2025-11-10T07:20:56","slug":"convert-image","status":"publish","type":"page","link":"https:\/\/resizefile.com\/es\/convert-image\/","title":{"rendered":"Conversor masivo de im\u00e1genes"},"content":{"rendered":"<p>Convierte casi cualquier imagen a cualquier otro formato de forma r\u00e1pida, privada y sin complicaciones. Sube hasta 20 im\u00e1genes a la vez y descarga los resultados individualmente o cons\u00edguelo todo en un \u00fanico archivo ZIP. Todas las conversiones se realizan en el navegador, por lo que los archivos nunca salen del dispositivo. Admite los principales formatos, como JPG\/JPEG, PNG, WebP, GIF, TIFF, BMP, HEIC, SVG, ICO y AVIF.<\/p>\n\n\n\n<div class=\"convertcont\">\n    <div class=\"section\">\n      <div id=\"dropzone\" class=\"dropzone\">\n        <div style=\"font-weight:600;margin-bottom:6px\">Arrastre y suelte aqu\u00ed hasta 20 im\u00e1genes o haga clic para examinarlas<\/div>\n        <div class=\"help\">JPEG\/JPG\/JFIF, PNG, WEBP, AVIF, GIF (primer fotograma), BMP, SVG, TIFF, HEIC\/HEIF<\/div>\n        <input id=\"fileInput\" type=\"file\" accept=\"image\/*,.heic,.heif,.tif,.tiff,.bmp,.svg\" multiple style=\"display:none\" \/>\n      <\/div>\n\n      <div style=\"margin-top:18px\">\n        <h3 style=\"margin:0 0 8px;font-size:16px\">Im\u00e1genes seleccionadas<\/h3>\n        <div id=\"inputList\" class=\"list\">Por favor, a\u00f1ada al menos 1 imagen.<\/div>\n      <\/div>\n\n      <div class=\"section\" style=\"margin-top:16px;background:var(--bg);border-color:var(--border)\">\n        <h3 style=\"margin:0 0 8px;font-size:16px\">Ajustes<\/h3>\n        <div class=\"input-row\">\n          <div class=\"field\" style=\"min-width:260px\">\n            <label for=\"formatSelect\">Convertir a<\/label>\n            <select id=\"formatSelect\"><\/select>\n            <div id=\"supportNote\" class=\"help\"><\/div>\n          <\/div>\n          <div class=\"field\" style=\"width:140px\">\n            <label for=\"qualityInput\">Calidad (1-100)<\/label>\n            <input id=\"qualityInput\" type=\"number\" min=\"1\" max=\"100\" value=\"100\" \/>\n          <\/div>\n        <\/div>\n        <div class=\"footer-actions\">\n          <button id=\"clearBtn\" class=\"btn btn-light\" type=\"button\">Claro<\/button>\n          <button id=\"convertBtn\" class=\"btn\" type=\"button\" disabled>Convertir<\/button>\n        <\/div>\n        <div style=\"margin-top:12px\">\n          <div class=\"progress\"><div id=\"progressBar\"><\/div><\/div>\n          <div class=\"help\" id=\"progressText\" style=\"margin-top:6px\">Esperando...<\/div>\n        <\/div>\n      <\/div>\n    <\/div>\n \n\n    <div id=\"outputSection\" class=\"section hidden\">\n      <div class=\"row-between\">\n        <div>\n          <h2 style=\"font-size:18px;margin:0\">Im\u00e1genes convertidas<\/h2>\n          <div class=\"help\">Descargar individualmente o como un \u00fanico ZIP.<\/div>\n        <\/div>\n        <div>\n          <button id=\"zipBtn\" class=\"btn\" type=\"button\">Descargar ZIP<\/button>\n        <\/div>\n      <\/div>\n      <div id=\"outputList\" class=\"list\" style=\"margin-top:12px\"><\/div>\n    <\/div>\n  <\/div>\n\n\n<p><strong>Privacidad:<\/strong> Todo el procesamiento de im\u00e1genes se ejecuta completamente en el lado del cliente utilizando tecnolog\u00edas integradas en el navegador (por ejemplo, JavaScript). Los datos de las im\u00e1genes nunca salen del dispositivo, no se transmiten por la red y no se escriben ni almacenan en ning\u00fan servidor. Esto garantiza una total privacidad y seguridad, ya que todas las operaciones se realizan en el entorno local del navegador.<\/p>\n\n\n\n<h2 class=\"wp-block-heading\">C\u00f3mo utilizarlo<\/h2>\n\n\n\n<ol class=\"wp-block-list\">\n<li>Haz clic en el cuadro de im\u00e1genes de arriba o arrastra tus im\u00e1genes hasta \u00e9l.<\/li>\n\n\n\n<li>Una vez cargados, ver\u00e1s una lista de los archivos a continuaci\u00f3n.<\/li>\n\n\n\n<li>Elige el formato de salida (JPG, PNG, WebP, GIF, TIFF, BMP, HEIC, SVG, ICO, AVIF, etc...) y selecciona una calidad de 1 a 100 (100 = la mejor).<\/li>\n\n\n\n<li>Haga clic en <strong>Convertir<\/strong> para iniciar el procesamiento.<\/li>\n\n\n\n<li>Cuando termine, compruebe en la lista de salida los nuevos nombres y tama\u00f1os de los archivos.<\/li>\n\n\n\n<li>Descargue los archivos uno a uno o rec\u00edbalos todos a la vez en un archivo ZIP.<\/li>\n<\/ol>\n\n\n\n  <div class=\"kb-link-cloud\"> \n  <a href=\"https:\/\/resizefile.com\/es\/convert-image\/jpeg-to-jpg\/\">.jpeg a .jpg<\/a>\n  <a href=\"https:\/\/resizefile.com\/es\/convert-image\/jpeg-to-png\/\">.jpeg a .png<\/a>\n  <a href=\"https:\/\/resizefile.com\/es\/convert-image\/jpeg-to-webp\/\">.jpeg a .webp<\/a>\n\n  <a href=\"https:\/\/resizefile.com\/es\/convert-image\/jpg-to-png\/\">.jpg a .png<\/a>\n  <a href=\"https:\/\/resizefile.com\/es\/convert-image\/jpg-to-webp\/\">.jpg a .webp<\/a>\n\n  <a href=\"https:\/\/resizefile.com\/es\/convert-image\/jfif-to-jpg\/\">.jfif a .jpg<\/a>\n\n  <a href=\"https:\/\/resizefile.com\/es\/convert-image\/pjpeg-to-jpg\/\">.pjpeg a .jpg<\/a>\n\n  <a href=\"https:\/\/resizefile.com\/es\/convert-image\/pjp-to-jpg\/\">.pjp a .jpg<\/a>\n\n  <a href=\"https:\/\/resizefile.com\/es\/convert-image\/png-to-jpg\/\">.png a .jpg<\/a>\n  <a href=\"https:\/\/resizefile.com\/es\/convert-image\/png-to-webp\/\">.png a .webp<\/a>\n\n  <a href=\"https:\/\/resizefile.com\/es\/convert-image\/webp-to-jpg\/\">.webp a .jpg<\/a>\n  <a href=\"https:\/\/resizefile.com\/es\/convert-image\/webp-to-png\/\">.webp a .png<\/a>\n\n  <a href=\"https:\/\/resizefile.com\/es\/convert-image\/avif-to-jpg\/\">.avif a .jpg<\/a>\n  <a href=\"https:\/\/resizefile.com\/es\/convert-image\/avif-to-png\/\">.avif a .png<\/a>\n\n  <a href=\"https:\/\/resizefile.com\/es\/convert-image\/tiff-to-jpg\/\">.tiff a .jpg<\/a>\n\n  <a href=\"https:\/\/resizefile.com\/es\/convert-image\/bmp-to-jpg\/\">.bmp a .jpg<\/a>\n\n  <a href=\"https:\/\/resizefile.com\/es\/convert-image\/gif-to-png\/\">.gif a .png<\/a>\n  <a href=\"https:\/\/resizefile.com\/es\/convert-image\/gif-to-jpg\/\">.gif a .jpg<\/a>\n\n  <a href=\"https:\/\/resizefile.com\/es\/convert-image\/svg-to-png\/\">.svg a .png<\/a>\n\n  <a href=\"https:\/\/resizefile.com\/es\/convert-image\/heic-to-jpg\/\">.heic a .jpg<\/a>\n  <a href=\"https:\/\/resizefile.com\/es\/convert-image\/heic-to-png\/\">.heic a .png<\/a>\n  <\/div>","protected":false},"excerpt":{"rendered":"<p>Convierte casi cualquier imagen a cualquier otro formato de forma r\u00e1pida, privada y sin complicaciones. Sube hasta 20 im\u00e1genes a la vez y luego descarga los resultados individualmente o<\/p>","protected":false},"author":1,"featured_media":506,"parent":0,"menu_order":0,"comment_status":"closed","ping_status":"closed","template":"","meta":{"footnotes":""},"class_list":["post-252","page","type-page","status-publish","has-post-thumbnail","hentry"],"_links":{"self":[{"href":"https:\/\/resizefile.com\/es\/wp-json\/wp\/v2\/pages\/252","targetHints":{"allow":["GET"]}}],"collection":[{"href":"https:\/\/resizefile.com\/es\/wp-json\/wp\/v2\/pages"}],"about":[{"href":"https:\/\/resizefile.com\/es\/wp-json\/wp\/v2\/types\/page"}],"author":[{"embeddable":true,"href":"https:\/\/resizefile.com\/es\/wp-json\/wp\/v2\/users\/1"}],"replies":[{"embeddable":true,"href":"https:\/\/resizefile.com\/es\/wp-json\/wp\/v2\/comments?post=252"}],"version-history":[{"count":6,"href":"https:\/\/resizefile.com\/es\/wp-json\/wp\/v2\/pages\/252\/revisions"}],"predecessor-version":[{"id":509,"href":"https:\/\/resizefile.com\/es\/wp-json\/wp\/v2\/pages\/252\/revisions\/509"}],"wp:featuredmedia":[{"embeddable":true,"href":"https:\/\/resizefile.com\/es\/wp-json\/wp\/v2\/media\/506"}],"wp:attachment":[{"href":"https:\/\/resizefile.com\/es\/wp-json\/wp\/v2\/media?parent=252"}],"curies":[{"name":"wp","href":"https:\/\/api.w.org\/{rel}","templated":true}]}}