{"id":3,"date":"2025-07-19T07:36:00","date_gmt":"2025-07-19T07:36:00","guid":{"rendered":"http:\/\/resizefile.com\/?page_id=3"},"modified":"2025-07-19T08:23:45","modified_gmt":"2025-07-19T08:23:45","slug":"privacy-policy","status":"publish","type":"page","link":"https:\/\/resizefile.com\/es\/privacy-policy\/","title":{"rendered":"Pol\u00edtica de privacidad"},"content":{"rendered":"<p><strong>Qui\u00e9nes somos<\/strong><\/p>\n\n\n\n<p>La direcci\u00f3n de nuestro sitio web es: <a href=\"https:\/\/resizefile.com\/es\/\">https:\/\/resizefile.com<\/a>.<\/p>\n\n\n\n<p><strong>Recogida y uso de la informaci\u00f3n<\/strong><\/p>\n\n\n\n<p><strong>Comentarios<\/strong><\/p>\n\n\n\n<p>Cuando los visitantes dejan comentarios en el sitio, recopilamos los datos que aparecen en el formulario de comentarios, as\u00ed como la direcci\u00f3n IP del visitante y la cadena de agentes de usuario del navegador para ayudar a la detecci\u00f3n de spam.<\/p>\n\n\n\n<p>Se puede proporcionar al servicio Gravatar una cadena anonimizada creada a partir de su direcci\u00f3n de correo electr\u00f3nico (tambi\u00e9n llamada hash) para comprobar si la est\u00e1 utilizando. La pol\u00edtica de privacidad del servicio Gravatar est\u00e1 disponible aqu\u00ed: <a href=\"https:\/\/automattic.com\/privacy\/\" rel=\"nofollow noopener\" target=\"_blank\">https:\/\/automattic.com\/privacy\/<\/a>. Una vez aprobado tu comentario, tu foto de perfil ser\u00e1 visible para el p\u00fablico junto a tu comentario.<\/p>\n\n\n\n<p><strong>Procesamiento de im\u00e1genes desde el navegador<\/strong><\/p>\n\n\n\n<p>Todas las herramientas de procesamiento de im\u00e1genes proporcionadas por Resize File, incluida la compresi\u00f3n de im\u00e1genes, el cambio de tama\u00f1o y otras utilidades, funcionan exclusivamente dentro de su navegador. Ninguna imagen se carga o almacena en nuestros servidores.<\/p>\n\n\n\n<p><strong>Cookies<\/strong><\/p>\n\n\n\n<p>Si deja un comentario en nuestro sitio, puede optar por guardar su nombre, direcci\u00f3n de correo electr\u00f3nico y sitio web en cookies. Esto es para su comodidad, para que no tenga que volver a rellenar sus datos cuando deje otro comentario. Estas cookies durar\u00e1n un a\u00f1o.<\/p>\n\n\n\n<p>Si visita nuestra p\u00e1gina de inicio de sesi\u00f3n, instalaremos una cookie temporal para determinar si su navegador acepta cookies. Esta cookie no contiene datos personales y se desecha al cerrar el navegador.<\/p>\n\n\n\n<p>Al iniciar sesi\u00f3n, tambi\u00e9n instalamos varias cookies para guardar su informaci\u00f3n de inicio de sesi\u00f3n y sus preferencias de visualizaci\u00f3n en pantalla. Las cookies de inicio de sesi\u00f3n duran dos d\u00edas, y las de opciones de pantalla, un a\u00f1o. Si selecciona \u201cRecordarme\u201d, sus datos de acceso permanecer\u00e1n durante dos semanas. Si cierra la sesi\u00f3n, se eliminar\u00e1n las cookies de inicio de sesi\u00f3n.<\/p>\n\n\n\n<p>Si edita o publica un art\u00edculo, se guarda una cookie adicional en su navegador. Esta cookie no incluye datos personales y se limita a indicar el ID de publicaci\u00f3n del art\u00edculo que ha editado. Caduca al cabo de un d\u00eda.<\/p>\n\n\n\n<p><strong>Contenido incrustado de otros sitios web<\/strong><\/p>\n\n\n\n<p>Los art\u00edculos de este sitio pueden incluir contenido incrustado (por ejemplo, v\u00eddeos, im\u00e1genes, art\u00edculos, etc.). El contenido incrustado de otros sitios web se comporta exactamente igual que si visitara el otro sitio web directamente.<\/p>\n\n\n\n<p>Estos sitios web externos pueden recopilar datos sobre usted, utilizar cookies, incrustar seguimiento adicional de terceros y supervisar su interacci\u00f3n con ese contenido incrustado, incluido el seguimiento de su interacci\u00f3n si tiene una cuenta y ha iniciado sesi\u00f3n en ese sitio web.<\/p>\n\n\n\n<p><strong>Anal\u00edtica y publicidad<\/strong><\/p>\n\n\n\n<p>Resize File utiliza Google Analytics para recopilar datos an\u00f3nimos para comprender mejor el comportamiento del usuario y mejorar nuestro sitio web. Google Analytics utiliza cookies para realizar un seguimiento de las interacciones de los visitantes. Para obtener m\u00e1s informaci\u00f3n sobre c\u00f3mo Google Analytics recopila y procesa los datos, visite: <a>Pol\u00edtica de privacidad de Google Analytics<\/a>.<\/p>\n\n\n\n<p>Tambi\u00e9n utilizamos Google Adsense para mostrar anuncios. Google Adsense puede utilizar cookies para personalizar los anuncios en funci\u00f3n de sus visitas anteriores a nuestro sitio o a otros sitios web. Puede gestionar sus preferencias de anuncios de Google o darse de baja en cualquier momento visitando la p\u00e1gina de configuraci\u00f3n de anuncios de Google: <a href=\"https:\/\/adssettings.google.com\" rel=\"nofollow noopener\" target=\"_blank\">Personalizaci\u00f3n de anuncios de Google<\/a>.<\/p>\n\n\n\n<p><strong>Con qui\u00e9n compartimos sus datos<\/strong><\/p>\n\n\n\n<p>Si solicita un restablecimiento de contrase\u00f1a, su direcci\u00f3n IP se incluir\u00e1 en el correo electr\u00f3nico de restablecimiento.<\/p>\n\n\n\n<p><strong>Cu\u00e1nto tiempo conservamos sus datos<\/strong><\/p>\n\n\n\n<p>Si deja un comentario, el comentario y sus metadatos se conservan indefinidamente para reconocer y aprobar autom\u00e1ticamente cualquier comentario posterior en lugar de colocarlos en una cola de moderaci\u00f3n.<\/p>\n\n\n\n<p>Para los usuarios que se registran en nuestro sitio web (si los hay), almacenamos la informaci\u00f3n personal proporcionada en su perfil de usuario. Los usuarios pueden ver, editar o borrar su informaci\u00f3n personal en cualquier momento (excepto el nombre de usuario). Los administradores del sitio web tambi\u00e9n tienen acceso para ver y editar esta informaci\u00f3n.<\/p>\n\n\n\n<p><strong>Sus derechos sobre sus datos<\/strong><\/p>\n\n\n\n<p>Si tiene una cuenta en este sitio o ha dejado comentarios, puede solicitar un archivo exportado de los datos personales que tenemos sobre usted, incluidos los que nos haya facilitado. Tambi\u00e9n puede solicitar que borremos cualquier dato personal que tengamos sobre usted. Esto no incluye los datos que debamos conservar por motivos administrativos, legales o de seguridad.<\/p>\n\n\n\n<p><strong>D\u00f3nde se env\u00edan sus datos<\/strong><\/p>\n\n\n\n<p>Los comentarios de los visitantes pueden ser controlados por un servicio automatizado de detecci\u00f3n de spam.<\/p>\n\n\n\n<p><strong>Cambios en esta pol\u00edtica de privacidad<\/strong><\/p>\n\n\n\n<p>Nos reservamos el derecho de actualizar esta Pol\u00edtica de Privacidad cuando sea necesario. Cualquier cambio se publicar\u00e1 directamente en esta p\u00e1gina. Se recomienda a los usuarios que revisen peri\u00f3dicamente nuestra Pol\u00edtica de Privacidad para conocer las actualizaciones.<\/p>\n\n\n\n<p><strong>Contacte con nosotros<\/strong><\/p>\n\n\n\n<p>Si tiene alguna pregunta sobre nuestra Pol\u00edtica de privacidad, p\u00f3ngase en contacto con nosotros en <a href=\"mailto:support@resizefile.com\">support@resizefile.com<\/a>.<\/p>","protected":false},"excerpt":{"rendered":"<p>Qui\u00e9nes somos La direcci\u00f3n de nuestro sitio web es: https:\/\/resizefile.com. Recogida y uso de la informaci\u00f3n Comentarios Cuando los visitantes dejan comentarios en el sitio, recogemos los datos que se indican<\/p>","protected":false},"author":1,"featured_media":0,"parent":0,"menu_order":0,"comment_status":"closed","ping_status":"open","template":"","meta":{"footnotes":""},"class_list":["post-3","page","type-page","status-publish","hentry"],"_links":{"self":[{"href":"https:\/\/resizefile.com\/es\/wp-json\/wp\/v2\/pages\/3","targetHints":{"allow":["GET"]}}],"collection":[{"href":"https:\/\/resizefile.com\/es\/wp-json\/wp\/v2\/pages"}],"about":[{"href":"https:\/\/resizefile.com\/es\/wp-json\/wp\/v2\/types\/page"}],"author":[{"embeddable":true,"href":"https:\/\/resizefile.com\/es\/wp-json\/wp\/v2\/users\/1"}],"replies":[{"embeddable":true,"href":"https:\/\/resizefile.com\/es\/wp-json\/wp\/v2\/comments?post=3"}],"version-history":[{"count":1,"href":"https:\/\/resizefile.com\/es\/wp-json\/wp\/v2\/pages\/3\/revisions"}],"predecessor-version":[{"id":19,"href":"https:\/\/resizefile.com\/es\/wp-json\/wp\/v2\/pages\/3\/revisions\/19"}],"wp:attachment":[{"href":"https:\/\/resizefile.com\/es\/wp-json\/wp\/v2\/media?parent=3"}],"curies":[{"name":"wp","href":"https:\/\/api.w.org\/{rel}","templated":true}]}}