{"id":441,"date":"2025-11-08T08:51:23","date_gmt":"2025-11-08T08:51:23","guid":{"rendered":"https:\/\/resizefile.com\/convert-image\/gif-to-jpg\/"},"modified":"2025-11-10T07:21:32","modified_gmt":"2025-11-10T07:21:32","slug":"gif-to-jpg","status":"publish","type":"page","link":"https:\/\/resizefile.com\/es\/convert-image\/gif-to-jpg\/","title":{"rendered":"GIF a JPG - Conversi\u00f3n masiva de im\u00e1genes .gif a .jpg"},"content":{"rendered":"<link rel='stylesheet' id='compress-main' href='https:\/\/resizefile.com\/cdn\/convert\/main.css' type='text\/css' media='all' \/>\r\n <p>Convierte im\u00e1genes GIF a JPG de forma r\u00e1pida, privada y sin complicaciones. Sube hasta 20 im\u00e1genes .gif, convi\u00e9rtelas al instante en tu navegador y, a continuaci\u00f3n, descarga cada imagen .jpg o todo en un \u00fanico archivo ZIP. Tus archivos nunca salen de tu dispositivo, y no hay marcas de agua ni registros, s\u00f3lo una conversi\u00f3n de GIF a JPG r\u00e1pida y fiable.<\/p><p>Nota: El GIF se convertir\u00e1 en su primer fotograma.<\/p>\r\n <div class=\"convertcont\">\r\n    <div class=\"section\">\r\n      <div id=\"dropzone\" class=\"dropzone\">\r\n        <div style=\"font-weight:600;margin-bottom:6px\">Arrastre y suelte aqu\u00ed hasta 20 im\u00e1genes GIF o haga clic para examinarlas<\/div>\r\n        <div class=\"help\">Subir una imagen .gif<\/div>\r\n\t\t<input id=\"fileInput\" type=\"file\" accept=\".gif\" multiple=\"\" style=\"display:none\">\r\n      <\/div>\r\n\r\n      <div style=\"margin-top:18px\">\r\n        <h3 style=\"margin:0 0 8px;font-size:16px\">Im\u00e1genes seleccionadas<\/h3>\r\n        <div id=\"inputList\" class=\"list\">Por favor, a\u00f1ada al menos 1 imagen .gif.<\/div>\r\n      <\/div>\r\n\r\n      <div class=\"section\" style=\"margin-top:16px;background:var(--bg);border-color:var(--border)\">\r\n        <h3 style=\"margin:0 0 8px;font-size:16px\">Ajustes<\/h3>\r\n        <div class=\"input-row\">\r\n          <div class=\"field\" style=\"min-width:260px\">\r\n            <label for=\"formatSelect\">Convertir a<\/label>\r\n            <select id=\"formatSelect\"><\/select>\r\n            <div id=\"supportNote\" class=\"help\"><\/div>\r\n          <\/div>\r\n          <div class=\"field\" style=\"width:140px\">\r\n            <label for=\"qualityInput\">Calidad (1-100)<\/label>\r\n            <input id=\"qualityInput\" type=\"number\" min=\"1\" max=\"100\" value=\"100\" \/>\r\n          <\/div>\r\n        <\/div>\r\n        <div class=\"footer-actions\">\r\n          <button id=\"clearBtn\" class=\"btn btn-light\" type=\"button\">Claro<\/button>\r\n          <button id=\"convertBtn\" class=\"btn\" type=\"button\" disabled>Convertir a JPG<\/button>\r\n        <\/div>\r\n        <div style=\"margin-top:12px\">\r\n          <div class=\"progress\"><div id=\"progressBar\"><\/div><\/div>\r\n          <div class=\"help\" id=\"progressText\" style=\"margin-top:6px\">Esperando...<\/div>\r\n        <\/div>\r\n      <\/div>\r\n    <\/div>\r\n \r\n\r\n    <div id=\"outputSection\" class=\"section hidden\">\r\n      <div class=\"row-between\">\r\n        <div>\r\n          <h2 style=\"font-size:18px;margin:0\">Im\u00e1genes convertidas<\/h2>\r\n          <div class=\"help\">Descargar individualmente o como un \u00fanico ZIP.<\/div>\r\n        <\/div>\r\n        <div>\r\n          <button id=\"zipBtn\" class=\"btn\" type=\"button\">Descargar ZIP<\/button>\r\n        <\/div>\r\n      <\/div>\r\n\t  \t\r\n\r\n      <div id=\"outputList\" class=\"list\" style=\"margin-top:12px\"><\/div>\r\n    <\/div>\r\n  <\/div>\r\n <p><strong>Privacidad:<\/strong> Todo el procesamiento de im\u00e1genes se ejecuta completamente en el lado del cliente utilizando tecnolog\u00edas integradas en el navegador (por ejemplo, JavaScript). Los datos de las im\u00e1genes nunca salen del dispositivo, no se transmiten por la red y no se escriben ni almacenan en ning\u00fan servidor. Esto garantiza una total privacidad y seguridad, ya que todas las operaciones se realizan en el entorno local del navegador.<\/p>\r\n  <h2 id=\"how-to-use-title\">C\u00f3mo utilizarlo<\/h2>\r\n  <ol>\r\n    <li>\r\n      Haz clic en el cuadro de carga de arriba o arrastra tus im\u00e1genes hasta \u00e9l.\r\n    <\/li>\r\n    <li>\r\n      Despu\u00e9s de que se carguen, revise la lista de archivos que aparece a continuaci\u00f3n y (opcionalmente) ajuste la calidad\/compresi\u00f3n\r\n      en <strong>1-100<\/strong> (<strong>100<\/strong> = mejor calidad, archivo m\u00e1s grande).\r\n    <\/li>\r\n    <li>\r\n      Haga clic en <strong>Convertir<\/strong> para transformar su <span class=\"from-format\">GIF<\/span> im\u00e1genes en\r\n      <span class=\"to-format\">JPG<\/span>.\r\n    <\/li>\r\n    <li>\r\n      Cuando termine, compruebe la lista .jpg de salida para ver los nuevos nombres y tama\u00f1os de archivo.\r\n    <\/li>\r\n    <li>\r\n      Descargar archivos individualmente o utilizar <strong>Descargar ZIP<\/strong> para conseguir todo a la vez.\r\n    <\/li>\r\n  <\/ol>\r\n  <div class=\"kb-link-cloud\"> \r\n  <a href=\"https:\/\/resizefile.com\/es\/convert-image\/gif-to-jpeg\/\"> .gif a .jpeg <\/a>\n<a href=\"https:\/\/resizefile.com\/es\/convert-image\/gif-to-jpg\/\"> .gif a .jpg <\/a>\n<a href=\"https:\/\/resizefile.com\/es\/convert-image\/gif-to-jfif\/\"> .gif a .jfif <\/a>\n<a href=\"https:\/\/resizefile.com\/es\/convert-image\/gif-to-pjpeg\/\"> .gif a .pjpeg <\/a>\n<a href=\"https:\/\/resizefile.com\/es\/convert-image\/gif-to-pjp\/\"> .gif a .pjp <\/a>\n<a href=\"https:\/\/resizefile.com\/es\/convert-image\/gif-to-png\/\"> .gif a .png <\/a>\n<a href=\"https:\/\/resizefile.com\/es\/convert-image\/gif-to-webp\/\"> .gif a .webp <\/a>\n<a href=\"https:\/\/resizefile.com\/es\/convert-image\/gif-to-avif\/\"> .gif a .avif <\/a>\n<a href=\"https:\/\/resizefile.com\/es\/convert-image\/gif-to-tiff\/\"> .gif a .tiff <\/a>\n<a href=\"https:\/\/resizefile.com\/es\/convert-image\/gif-to-bmp\/\"> .gif a .bmp <\/a>\n<a href=\"https:\/\/resizefile.com\/es\/convert-image\/gif-to-ico\/\"> .gif a .ico <\/a>\n<a href=\"https:\/\/resizefile.com\/es\/convert-image\/gif-to-svg\/\"> .gif a .svg <\/a>\n<a href=\"https:\/\/resizefile.com\/es\/convert-image\/gif-to-ppm\/\"> .gif a .ppm <\/a>\n<a href=\"https:\/\/resizefile.com\/es\/convert-image\/gif-to-pgm\/\"> .gif a .pgm <\/a>\n<a href=\"https:\/\/resizefile.com\/es\/convert-image\/gif-to-pbm\/\"> .gif a .pbm <\/a>\n<a href=\"https:\/\/resizefile.com\/es\/convert-image\/gif-to-tga\/\"> .gif a .tga <\/a>\n<a href=\"https:\/\/resizefile.com\/es\/convert-image\/gif-to-pcx\/\"> .gif a .pcx <\/a>\n<a href=\"https:\/\/resizefile.com\/es\/convert-image\/jpg-to-jpeg\/\"> .jpg a .jpeg <\/a>\n<a href=\"https:\/\/resizefile.com\/es\/convert-image\/jpg-to-jfif\/\"> .jpg a .jfif <\/a>\n<a href=\"https:\/\/resizefile.com\/es\/convert-image\/jpg-to-pjpeg\/\"> .jpg a .pjpeg <\/a>\n<a href=\"https:\/\/resizefile.com\/es\/convert-image\/jpg-to-pjp\/\"> .jpg a .pjp <\/a>\n<a href=\"https:\/\/resizefile.com\/es\/convert-image\/jpg-to-png\/\"> .jpg a .png <\/a>\n<a href=\"https:\/\/resizefile.com\/es\/convert-image\/jpg-to-webp\/\"> .jpg a .webp <\/a>\n<a href=\"https:\/\/resizefile.com\/es\/convert-image\/jpg-to-avif\/\"> .jpg a .avif <\/a>\n<a href=\"https:\/\/resizefile.com\/es\/convert-image\/jpg-to-tiff\/\"> .jpg a .tiff <\/a>\n<a href=\"https:\/\/resizefile.com\/es\/convert-image\/jpg-to-bmp\/\"> .jpg a .bmp <\/a>\n<a href=\"https:\/\/resizefile.com\/es\/convert-image\/jpg-to-gif\/\"> .jpg a .gif <\/a>\n<a href=\"https:\/\/resizefile.com\/es\/convert-image\/jpg-to-ico\/\"> .jpg a .ico <\/a>\n<a href=\"https:\/\/resizefile.com\/es\/convert-image\/jpg-to-svg\/\"> .jpg a .svg <\/a>\n<a href=\"https:\/\/resizefile.com\/es\/convert-image\/jpg-to-ppm\/\"> .jpg a .ppm <\/a>\n<a href=\"https:\/\/resizefile.com\/es\/convert-image\/jpg-to-pgm\/\"> .jpg a .pgm <\/a>\n<a href=\"https:\/\/resizefile.com\/es\/convert-image\/jpg-to-pbm\/\"> .jpg a .pbm <\/a>\n<a href=\"https:\/\/resizefile.com\/es\/convert-image\/jpg-to-tga\/\"> .jpg a .tga <\/a>\n<a href=\"https:\/\/resizefile.com\/es\/convert-image\/jpg-to-pcx\/\"> .jpg a .pcx <\/a>\n\r\n  <\/div>\r\n  <style>\r\n    .kb-link-cloud {\r\n        display: flex; flex-wrap: wrap; gap: 8px;\r\n    }\r\n    .kb-link-cloud a {\r\npadding: 6px 12px; background:#0073e6; color:white; text-decoration:none; border-radius:6px; font-size:14px;\r\n    }\r\n    <\/style>\r\n  <script src=\"https:\/\/cdnjs.cloudflare.com\/ajax\/libs\/jszip\/3.10.1\/jszip.min.js\" crossorigin=\"anonymous\" referrerpolicy=\"no-referrer\"><\/script>\r\n  <script src=\"https:\/\/cdnjs.cloudflare.com\/ajax\/libs\/FileSaver.js\/2.0.5\/FileSaver.min.js\" crossorigin=\"anonymous\" referrerpolicy=\"no-referrer\"><\/script>\r\n  <!-- TIFF decode\/encode -->\r\n<script src=\"\r\nhttps:\/\/cdn.jsdelivr.net\/npm\/utif@3.1.0\/UTIF.min.js\r\n\"><\/script>  <!-- HEIC\/HEIF decode to PNG\/JPEG -->\r\n  <script src=\"https:\/\/cdn.jsdelivr.net\/npm\/heic2any@0.0.4\/dist\/heic2any.min.js\"><\/script>\r\n  <!-- GIF parser (first frame) -->\r\n<script src=\"\r\nhttps:\/\/cdn.jsdelivr.net\/npm\/gifuct-js@2.1.2\/lib\/index.min.js\r\n\"><\/script>  <!-- BMP encoder\/decoder -->\r\n  <script src=\"https:\/\/cdn.jsdelivr.net\/npm\/bmp-js@0.1.0\/browser.js\"><\/script>\r\n  <!-- GIF encoder (single-frame) -->\r\n  <script src=\"https:\/\/cdn.jsdelivr.net\/npm\/gifenc@1.0.3\/dist\/gifenc.min.js\"><\/script>\r\n  <script>var toExt = '.jpg'<\/script>\r\n    <script src=\"https:\/\/resizefile.com\/cdn\/convert\/main.js?v=7\"><\/script>","protected":false},"excerpt":{"rendered":"","protected":false},"author":1,"featured_media":0,"parent":252,"menu_order":0,"comment_status":"closed","ping_status":"open","template":"","meta":{"footnotes":""},"class_list":["post-441","page","type-page","status-publish","hentry"],"_links":{"self":[{"href":"https:\/\/resizefile.com\/es\/wp-json\/wp\/v2\/pages\/441","targetHints":{"allow":["GET"]}}],"collection":[{"href":"https:\/\/resizefile.com\/es\/wp-json\/wp\/v2\/pages"}],"about":[{"href":"https:\/\/resizefile.com\/es\/wp-json\/wp\/v2\/types\/page"}],"author":[{"embeddable":true,"href":"https:\/\/resizefile.com\/es\/wp-json\/wp\/v2\/users\/1"}],"replies":[{"embeddable":true,"href":"https:\/\/resizefile.com\/es\/wp-json\/wp\/v2\/comments?post=441"}],"version-history":[{"count":1,"href":"https:\/\/resizefile.com\/es\/wp-json\/wp\/v2\/pages\/441\/revisions"}],"predecessor-version":[{"id":585,"href":"https:\/\/resizefile.com\/es\/wp-json\/wp\/v2\/pages\/441\/revisions\/585"}],"up":[{"embeddable":true,"href":"https:\/\/resizefile.com\/es\/wp-json\/wp\/v2\/pages\/252"}],"wp:attachment":[{"href":"https:\/\/resizefile.com\/es\/wp-json\/wp\/v2\/media?parent=441"}],"curies":[{"name":"wp","href":"https:\/\/api.w.org\/{rel}","templated":true}]}}