{"id":72,"date":"2025-08-17T10:03:51","date_gmt":"2025-08-17T10:03:51","guid":{"rendered":"https:\/\/resizefile.com\/?page_id=72"},"modified":"2025-08-17T11:05:33","modified_gmt":"2025-08-17T11:05:33","slug":"resize-images","status":"publish","type":"page","link":"https:\/\/resizefile.com\/es\/resize-images\/","title":{"rendered":"Cambiar el tama\u00f1o de las im\u00e1genes"},"content":{"rendered":"<p>Bulk Image Resizer es una herramienta web que permite arrastrar, soltar y cambiar el tama\u00f1o de varias im\u00e1genes a la vez con opciones flexibles como porcentaje o dimensiones fijas. Admite la conversi\u00f3n de formatos (Auto, JPEG, PNG, WebP), conserva la relaci\u00f3n de aspecto, evita el aumento del tama\u00f1o de los archivos y permite descargar resultados individuales o todas las im\u00e1genes en un ZIP.<\/p>\n\n\n\n<div class=\"rsimgtool\">\n\n    <!-- Selector -->\n    <div class=\"dropzone\" id=\"dropzone\" aria-label=\"Suelte las im\u00e1genes aqu\u00ed o haga clic para examinarlas\">\n      <div class=\"dz-text\">\n        <div style=\"font-size:15px;margin-bottom:6px\">Arrastrar y soltar hasta <b id=\"maxFilesText\">20<\/b> im\u00e1genes aqu\u00ed o haga clic para navegar.<\/div>\n        <div class=\"muted\">(JPEG, PNG, GIF, WebP - tambi\u00e9n se aceptar\u00e1n otros formatos de imagen)<\/div>\n      <\/div>\n      <input id=\"fileInput\" type=\"file\" accept=\"image\/*\" multiple \/>\n    <\/div>\n\n    <!-- Selected input list -->\n    <div class=\"panel\" style=\"margin-top:14px\">\n      <div class=\"section-title\">Im\u00e1genes seleccionadas<\/div>\n      <div id=\"inputList\" class=\"list\"><\/div>\n    <\/div>\n\n    <!-- Options BELOW selector -->\n    <div class=\"panel toolbar\">\n      <div class=\"section-title\">Opciones de cambio de tama\u00f1o<\/div>\n      <div class=\"row\" style=\"margin-bottom:8px\">\n        <div class=\"field\" style=\"min-width:180px\">\n          <label>Modo<\/label>\n          <select id=\"mode\">\n            <option value=\"percent\">Porcentaje<\/option>\n            <option value=\"dimensions\">Dimensiones<\/option>\n          <\/select>\n        <\/div>\n        <div class=\"field\" id=\"percentField\">\n          <label>Porcentaje (%)<\/label>\n          <input id=\"percent\" type=\"number\" min=\"1\" max=\"100\" value=\"75\" \/>\n        <\/div>\n        <div id=\"dimFields\" class=\"row\" style=\"display:none\">\n          <div class=\"field\">\n            <label>Anchura (px)<\/label>\n            <input id=\"width\" type=\"number\" min=\"1\" placeholder=\"p. ej. 1600\" \/>\n          <\/div>\n          <div class=\"field\">\n            <label>Altura (px)<\/label>\n            <input id=\"height\" type=\"number\" min=\"1\" placeholder=\"Por ejemplo, 1200\" \/>\n          <\/div>\n          <div class=\"field\" style=\"min-width:200px\">\n            <label>&nbsp;<\/label>\n            <label style=\"display:flex;gap:8px;align-items:center\"><input id=\"keepRatio\" type=\"checkbox\" checked \/> Mantener la relaci\u00f3n de aspecto<\/label>\n            <div class=\"muted\">Si est\u00e1 marcada, indique <b>o bien<\/b> anchura o altura; la otra se borrar\u00e1 autom\u00e1ticamente.<\/div>\n          <\/div>\n        <\/div>\n      <\/div>\n\n      <div class=\"row\" style=\"margin-bottom:10px\">\n        <div class=\"field\" style=\"min-width:180px\">\n          <label>Convertir formato<\/label>\n          <select id=\"convert\">\n            <option value=\"auto\">Auto<\/option>\n            <option value=\"image\/jpeg\">JPEG<\/option>\n            <option value=\"image\/png\">PNG<\/option>\n            <option value=\"image\/webp\">WebP<\/option>\n          <\/select>\n        <\/div>\n        \n      <\/div>\n<div class=\"resizebtn\">\n          <button id=\"resizeBtn\" class=\"btn\">Cambie el tama\u00f1o de<\/button>\n<a href=\"\" class=\"resetbtn\">Restablecer<\/a>\n        <\/div>\n      <div class=\"progress\" aria-label=\"Barra de progreso\">\n        <div id=\"bar\" class=\"bar\"><\/div>\n      <\/div>\n    <\/div>\n\n    <!-- Output list -->\n    <div class=\"panel\" style=\"margin-top:16px\">\n      <div class=\"section-title\">Im\u00e1genes redimensionadas<\/div>\n      <div id=\"outputList\" class=\"list\"><\/div>\n      <div style=\"display:flex;justify-content:flex-end;margin-top:10px\">\n        <button id=\"zipBtn\" class=\"btn secondary\" disabled>Descargar todo (ZIP)<\/button>\n      <\/div>\n    <\/div>\n  <\/div>\n\n\n<p><strong>Privacidad:<\/strong> Todo el procesamiento de im\u00e1genes se ejecuta completamente en el lado del cliente utilizando tecnolog\u00edas integradas en el navegador (por ejemplo, JavaScript). Los datos de las im\u00e1genes nunca salen del dispositivo, no se transmiten por la red y no se escriben ni almacenan en ning\u00fan servidor. Esto garantiza una total privacidad y seguridad, ya que todas las operaciones se realizan en el entorno local del navegador.<\/p>\n\n\n\n<h2 class=\"wp-block-heading\">C\u00f3mo utilizarlo<\/h2>\n\n\n\n<ol class=\"wp-block-list\">\n<li>Arrastre y suelte hasta 20 im\u00e1genes en el cuadro grande (o haga clic para examinar). Ver\u00e1s una lista de cada archivo con su nombre, vista previa, dimensiones originales, tama\u00f1o y un bot\u00f3n Eliminar.<\/li>\n\n\n\n<li>Elige una <strong>Modo<\/strong>:<br>- <strong>Porcentaje<\/strong> -&gt; introduzca un porcentaje para escalar ambos lados.<br>- <strong>Dimensiones<\/strong> -&gt; mantener opcionalmente la relaci\u00f3n de aspecto. Cuando <strong>Mantener la relaci\u00f3n de aspecto<\/strong> est\u00e1 activado, escriba <strong>o bien<\/strong> anchura <strong>o<\/strong> altura (la otra se borra autom\u00e1ticamente). Desact\u00edvalo para ajustar ambas.<\/li>\n\n\n\n<li>Elija <strong>Convertir formato<\/strong> (Auto, JPEG, PNG, WebP).<\/li>\n\n\n\n<li>Haga clic en <strong>Cambie el tama\u00f1o de<\/strong>. Observe la barra de progreso; aparecen salidas que muestran las dimensiones y el tama\u00f1o antiguos y nuevos.<\/li>\n\n\n\n<li>Descargar resultados individualmente con <strong>Descargar<\/strong>, o haga clic en <strong>Descargar todo (ZIP)<\/strong> para guardar todo a la vez.<\/li>\n<\/ol>","protected":false},"excerpt":{"rendered":"<p>Bulk Image Resizer es una herramienta web que te permite arrastrar, soltar y cambiar el tama\u00f1o de varias im\u00e1genes a la vez con opciones flexibles como porcentaje o<\/p>","protected":false},"author":1,"featured_media":92,"parent":0,"menu_order":0,"comment_status":"closed","ping_status":"closed","template":"","meta":{"footnotes":""},"class_list":["post-72","page","type-page","status-publish","has-post-thumbnail","hentry"],"_links":{"self":[{"href":"https:\/\/resizefile.com\/es\/wp-json\/wp\/v2\/pages\/72","targetHints":{"allow":["GET"]}}],"collection":[{"href":"https:\/\/resizefile.com\/es\/wp-json\/wp\/v2\/pages"}],"about":[{"href":"https:\/\/resizefile.com\/es\/wp-json\/wp\/v2\/types\/page"}],"author":[{"embeddable":true,"href":"https:\/\/resizefile.com\/es\/wp-json\/wp\/v2\/users\/1"}],"replies":[{"embeddable":true,"href":"https:\/\/resizefile.com\/es\/wp-json\/wp\/v2\/comments?post=72"}],"version-history":[{"count":11,"href":"https:\/\/resizefile.com\/es\/wp-json\/wp\/v2\/pages\/72\/revisions"}],"predecessor-version":[{"id":113,"href":"https:\/\/resizefile.com\/es\/wp-json\/wp\/v2\/pages\/72\/revisions\/113"}],"wp:featuredmedia":[{"embeddable":true,"href":"https:\/\/resizefile.com\/es\/wp-json\/wp\/v2\/media\/92"}],"wp:attachment":[{"href":"https:\/\/resizefile.com\/es\/wp-json\/wp\/v2\/media?parent=72"}],"curies":[{"name":"wp","href":"https:\/\/api.w.org\/{rel}","templated":true}]}}