{"id":783,"date":"2026-01-21T19:54:09","date_gmt":"2026-01-21T19:54:09","guid":{"rendered":"https:\/\/resizefile.com\/?page_id=783"},"modified":"2026-01-21T20:10:24","modified_gmt":"2026-01-21T20:10:24","slug":"increase-image-size-in-kb","status":"publish","type":"page","link":"https:\/\/resizefile.com\/es\/increase-image-size-in-kb\/","title":{"rendered":"Aumentar el tama\u00f1o de la imagen en KB"},"content":{"rendered":"<p>Aumente el tama\u00f1o de una imagen en l\u00ednea en cuesti\u00f3n de segundos con esta herramienta basada en navegador. Sube una imagen, elige un tama\u00f1o objetivo en KB, previsualiza el resultado y descarga la imagen ampliada al instante sin p\u00e9rdida de calidad ni subida al servidor.<\/p>\n\n\n\n<div class=\"img-upscale-box\">\n  <label class=\"img-upscale-drop\">\n    Haga clic o suelte 1 imagen aqu\u00ed\n    <input type=\"file\" id=\"imgFile\" accept=\"image\/*\">\n  <\/label>\n\n  <div class=\"img-upscale-preview\" id=\"imgPreview\">\n    <img id=\"previewImg\">\n    <div>\n      <div id=\"fileName\"><\/div>\n      <div id=\"fileSize\"><\/div>\n    <\/div>\n  <\/div>\n\n  <div class=\"img-upscale-controls\">\n    <input type=\"number\" id=\"targetKB\" placeholder=\"Tama\u00f1o objetivo (KB)\" max=\"10000\">\n    <select id=\"outFormat\">\n      <option value=\"original\">Original<\/option>\n      <option value=\"image\/png\">PNG<\/option>\n      <option value=\"image\/jpeg\">JPG \/ JPEG<\/option>\n      <option value=\"image\/webp\">WEBP<\/option>\n    <\/select>\n    <button id=\"increaseBtn\" disabled>Aumentar el tama\u00f1o<\/button>\n  <\/div>\n\n  <div class=\"img-upscale-output\" id=\"outputInfo\"><\/div>\n  <a class=\"img-upscale-download\" id=\"downloadLink\" download>Descargar imagen<\/a>\n<\/div>\n\n\n\n<p>Esta herramienta le permite aumentar el tama\u00f1o de archivo de una imagen a un tama\u00f1o espec\u00edfico en KB directamente en su navegador. Resulta \u00fatil cuando un sitio web, formulario o plataforma requiere que las im\u00e1genes tengan un tama\u00f1o de archivo m\u00ednimo y la imagen es demasiado peque\u00f1a.<\/p>\n\n\n\n<p>Todo se ejecuta localmente en tu navegador. Tu imagen nunca se sube a un servidor.<\/p>\n\n\n<p><strong>Privacidad:<\/strong> Todo el procesamiento de im\u00e1genes se ejecuta completamente en el lado del cliente utilizando tecnolog\u00edas integradas en el navegador (por ejemplo, JavaScript). Los datos de las im\u00e1genes nunca salen del dispositivo, no se transmiten por la red y no se escriben ni almacenan en ning\u00fan servidor. Esto garantiza una total privacidad y seguridad, ya que todas las operaciones se realizan en el entorno local del navegador.<\/p>\n\n\n\n<h3 class=\"wp-block-heading\">Cu\u00e1ndo utilizar esta herramienta<\/h3>\n\n\n\n<p>Utilice esta herramienta cuando:<\/p>\n\n\n\n<ul class=\"wp-block-list\">\n<li>Un sitio web o una aplicaci\u00f3n rechaza im\u00e1genes \u201cdemasiado peque\u00f1as\u201d.\u201d<\/li>\n\n\n\n<li>Necesita una imagen que cumpla un requisito m\u00ednimo de KB<\/li>\n\n\n\n<li>Desea mantener la misma resoluci\u00f3n pero aumentar el tama\u00f1o del archivo de imagen<\/li>\n\n\n\n<li>Necesitas una soluci\u00f3n r\u00e1pida y segura sin cargas<\/li>\n<\/ul>\n\n\n\n<p>Esta herramienta no est\u00e1 pensada para mejorar la calidad o la resoluci\u00f3n de las im\u00e1genes. S\u00f3lo ajusta el tama\u00f1o del archivo.<\/p>\n\n\n\n<h3 class=\"wp-block-heading\">C\u00f3mo utilizar la herramienta<\/h3>\n\n\n\n<ol class=\"wp-block-list\">\n<li>Haga clic en el \u00e1rea de carga y seleccione una imagen<\/li>\n\n\n\n<li>Revisa la vista previa que se muestra:\n<ul class=\"wp-block-list\">\n<li>Imagen en miniatura<\/li>\n\n\n\n<li>Nombre del fichero<\/li>\n\n\n\n<li>Tama\u00f1o actual en KB<\/li>\n<\/ul>\n<\/li>\n\n\n\n<li>Introduzca el tama\u00f1o deseado en KB\n<ul class=\"wp-block-list\">\n<li>El m\u00e1ximo permitido es de 10.000 KB<\/li>\n\n\n\n<li>El tama\u00f1o del objetivo debe ser mayor que el original<\/li>\n<\/ul>\n<\/li>\n\n\n\n<li>Selecciona el formato de salida:\n<ul class=\"wp-block-list\">\n<li>Formato original<\/li>\n\n\n\n<li>PNG<\/li>\n\n\n\n<li>JPG \/ JPEG<\/li>\n\n\n\n<li>WEBP<\/li>\n<\/ul>\n<\/li>\n\n\n\n<li>Haga clic en Aumentar tama\u00f1o<\/li>\n\n\n\n<li>Descarga la nueva imagen y visual\u00edzala:\n<ul class=\"wp-block-list\">\n<li>Tama\u00f1o original<\/li>\n\n\n\n<li>Nuevo tama\u00f1o<\/li>\n\n\n\n<li>Aumento porcentual<\/li>\n<\/ul>\n<\/li>\n<\/ol>\n\n\n\n<h3 class=\"wp-block-heading\">Formatos de imagen compatibles<\/h3>\n\n\n\n<p>Se puede utilizar cualquier formato de imagen compatible con los navegadores modernos, incluidos:<\/p>\n\n\n\n<ul class=\"wp-block-list\">\n<li>JPG \/ JPEG<\/li>\n\n\n\n<li>PNG<\/li>\n\n\n\n<li>WEBP<\/li>\n\n\n\n<li>GIF<\/li>\n\n\n\n<li>BMP<\/li>\n\n\n\n<li>SVG (rasterizado)<\/li>\n<\/ul>\n\n\n\n<p>Los formatos de salida dependen de la compatibilidad del navegador.<\/p>\n\n\n\n<h3 class=\"wp-block-heading\">C\u00f3mo funciona el aumento del tama\u00f1o de la imagen<\/h3>\n\n\n\n<p>La herramienta aumenta el tama\u00f1o de la imagen volviendo a guardarla en el formato de salida seleccionado y manteniendo el mismo aspecto visual. Si el nuevo archivo generado sigue siendo inferior al tama\u00f1o objetivo, se a\u00f1aden al archivo datos binarios inofensivos hasta alcanzar el tama\u00f1o exacto. Este relleno no afecta al aspecto de la imagen ni a su apertura y mantiene el archivo totalmente v\u00e1lido y visible. A continuaci\u00f3n, la imagen final se prepara para su descarga, conservando los metadatos originales a menos que el formato elegido los elimine de forma natural.<\/p>\n\n\n\n<p>No se modifican los datos EXIF a menos que el formato elegido los elimine por defecto.<\/p>\n\n\n\n<h3 class=\"wp-block-heading\">Notas importantes<\/h3>\n\n\n\n<ul class=\"wp-block-list\">\n<li>Aumentar el tama\u00f1o del archivo no <strong>no<\/strong> aumentar la calidad visual<\/li>\n\n\n\n<li>Resoluci\u00f3n y dimensiones id\u00e9nticas<\/li>\n\n\n\n<li>El relleno no afecta a la visualizaci\u00f3n de la imagen<\/li>\n\n\n\n<li>Todo el procesamiento se realiza localmente en su navegador<\/li>\n\n\n\n<li>Funciona mejor en navegadores modernos como Chrome, Edge y Firefox.<\/li>\n<\/ul>","protected":false},"excerpt":{"rendered":"<p>Aumenta el tama\u00f1o de las im\u00e1genes en l\u00ednea en cuesti\u00f3n de segundos con esta herramienta basada en navegador. Cargue una imagen, elija un tama\u00f1o objetivo en KB, previsualice el resultado y descargue la imagen.<\/p>","protected":false},"author":1,"featured_media":790,"parent":0,"menu_order":0,"comment_status":"closed","ping_status":"closed","template":"","meta":{"footnotes":""},"class_list":["post-783","page","type-page","status-publish","has-post-thumbnail","hentry"],"_links":{"self":[{"href":"https:\/\/resizefile.com\/es\/wp-json\/wp\/v2\/pages\/783","targetHints":{"allow":["GET"]}}],"collection":[{"href":"https:\/\/resizefile.com\/es\/wp-json\/wp\/v2\/pages"}],"about":[{"href":"https:\/\/resizefile.com\/es\/wp-json\/wp\/v2\/types\/page"}],"author":[{"embeddable":true,"href":"https:\/\/resizefile.com\/es\/wp-json\/wp\/v2\/users\/1"}],"replies":[{"embeddable":true,"href":"https:\/\/resizefile.com\/es\/wp-json\/wp\/v2\/comments?post=783"}],"version-history":[{"count":3,"href":"https:\/\/resizefile.com\/es\/wp-json\/wp\/v2\/pages\/783\/revisions"}],"predecessor-version":[{"id":787,"href":"https:\/\/resizefile.com\/es\/wp-json\/wp\/v2\/pages\/783\/revisions\/787"}],"wp:featuredmedia":[{"embeddable":true,"href":"https:\/\/resizefile.com\/es\/wp-json\/wp\/v2\/media\/790"}],"wp:attachment":[{"href":"https:\/\/resizefile.com\/es\/wp-json\/wp\/v2\/media?parent=783"}],"curies":[{"name":"wp","href":"https:\/\/api.w.org\/{rel}","templated":true}]}}