{"id":125,"date":"2025-11-04T16:04:46","date_gmt":"2025-11-04T16:04:46","guid":{"rendered":"https:\/\/resizefile.com\/?page_id=125"},"modified":"2025-11-04T19:44:27","modified_gmt":"2025-11-04T19:44:27","slug":"image-enlarger","status":"publish","type":"page","link":"https:\/\/resizefile.com\/pt\/image-enlarger\/","title":{"rendered":"Amplia\u00e7\u00e3o de imagem"},"content":{"rendered":"<p>Carregue uma \u00fanica imagem (JPG, PNG, WebP, GIF, BMP, etc.). Escolha a quantidade a ampliar e descarregue o resultado da amplia\u00e7\u00e3o. Escolha a escala por percentagem ou por dimens\u00f5es. Utilizamos escalonamento de alta qualidade em v\u00e1rias etapas para preservar os detalhes.<\/p>\n\n\n\n<div class=\"imgenlarger\">\n\n    <div id=\"drop\" class=\"dropzone\" tabindex=\"0\" role=\"button\" aria-label=\"Carregar imagem\">\n      <div style=\"display:flex;flex-direction:column;gap:10px;align-items:center\">\n        <div class=\"muted\">Arraste e largue a sua imagem aqui, ou<\/div>\n        <label class=\"btn\">\n          Selecionar imagem\n          <input id=\"file\" type=\"file\" accept=\"image\/*\" \/>\n        <\/label>\n      <\/div>\n    <\/div>\n\n    <div class=\"grid\" style=\"margin-top:16px\">\n      <section class=\"card\" id=\"selectedCard\" hidden>\n        <h3>Imagem selecionada<\/h3>\n        <div class=\"row\">\n          <img id=\"thumb\" class=\"thumb\" alt=\"miniatura\" \/>\n          <div>\n            <div id=\"fileName\" class=\"meta\"><\/div>\n            <div class=\"meta\">Tamanho original: <span id=\"origDim\">-<\/span> - <span id=\"origKb\">-<\/span> KB<\/div>\n          <\/div>\n        <\/div>\n        <div class=\"actions\" style=\"margin-top:8px\">\n          <button id=\"clearBtn\" class=\"tab\">Remover<\/button>\n        <\/div>\n      <\/section>\n\n      <section class=\"card\" id=\"optionsCard\">\n        <h3>Aumentar op\u00e7\u00f5es<\/h3>\n        <div class=\"tabs\" style=\"display:flex; gap:8px; margin:10px 0\">\n          <button class=\"tab active\" id=\"tabPct\">Por percentagem<\/button>\n          <button class=\"tab\" id=\"tabDim\">Por dimens\u00f5es<\/button>\n        <\/div>\n\n        <div id=\"byPct\" class=\"controls\">\n          <div class=\"control\">\n            <label for=\"pct\">Escala (%)<\/label>\n            <input id=\"pct\" type=\"number\" min=\"101\" max=\"800\" step=\"1\" value=\"200\" \/>\n          <\/div>\n          <div class=\"control\">\n            <label>Tamanho resultante<\/label>\n            <output id=\"pctOut\">-<\/output>\n          <\/div>\n        <\/div>\n\n        <div id=\"byDim\" class=\"controls\" style=\"display:none\">\n          <div class=\"control\">\n            <label for=\"w\">Largura (px)<\/label>\n            <input id=\"w\" type=\"number\" min=\"1\" placeholder=\"Por exemplo, 1600\" \/>\n          <\/div>\n          <div class=\"control\">\n            <label for=\"h\">Altura (px)<\/label>\n            <input id=\"h\" type=\"number\" min=\"1\" placeholder=\"Por exemplo, 1200\" \/>\n          <\/div>\n          <div class=\"control switch\" style=\"grid-column: span 2\">\n            <input id=\"lock\" type=\"checkbox\" checked \/>\n            <label for=\"lock\">Preservar o r\u00e1cio de aspeto<\/label>\n          <\/div>\n          <div class=\"control\" style=\"grid-column: span 2\">\n            <label>Tamanho resultante<\/label>\n            <output id=\"dimOut\">-<\/output>\n          <\/div>\n        <\/div>\n\n        <div class=\"actions\">\n          <button class=\"btn\" id=\"enlargeBtn\">Aumentar<\/button>\n          <span class=\"small\">Sugest\u00e3o: os saltos muito grandes podem parecer suaves; experimente 150-300% ou aumente o n\u00edvel num par de passagens.<\/span>\n        <\/div>\n      <\/section>\n    <\/div>\n\n    <section class=\"card\" style=\"margin-top:16px\" id=\"outputCard\" hidden>\n      <h3>Imagem ampliada<\/h3>\n      <div class=\"meta\">Novo tamanho: <span id=\"newDim\">-<\/span> - <span id=\"newKb\">-<\/span> KB<\/div>\n      <img id=\"resultImg\" class=\"preview\" alt=\"Previs\u00e3o de resultados\" \/>\n      <div class=\"actions\">\n        <a id=\"download\" class=\"btn\" download>Descarregar<\/a>\n        <button id=\"resetBtn\" class=\"tab\">Come\u00e7ar de novo<\/button>\n      <\/div>\n    <\/section>\n\n    <canvas id=\"work\" style=\"display:none\"><\/canvas>\n  <\/div>\n\n\n\n<p>Uma ferramenta r\u00e1pida, privada e in-browser para aumentar as imagens sem sair do seu dispositivo. Carregue uma imagem (JPG, PNG, WebP, GIF, BMP, etc.) e aumente-a por <strong>percentagem<\/strong> ou por exato <strong>largura\/altura<\/strong>. Pode manter o r\u00e1cio de aspeto original ou desbloque\u00e1-lo para definir dimens\u00f5es personalizadas. <\/p>\n\n\n\n<p>Para garantir a privacidade, a sua imagem nunca sai do seu browser - nada \u00e9 carregado para um servidor.<\/p>\n\n\n\n<h2 class=\"wp-block-heading\">Como utilizar<\/h2>\n\n\n\n<ol class=\"wp-block-list\">\n<li><strong>Adicionar a sua imagem<\/strong><br>Arrastar e largar um ficheiro ou clicar em <strong>Selecionar imagem<\/strong> (uma imagem de cada vez).<\/li>\n\n\n\n<li><strong>Escolher um m\u00e9todo de alargamento<\/strong>\n<ul class=\"wp-block-list\">\n<li><strong>Em percentagem:<\/strong> Introduza a quantidade a escalar (por exemplo, 200%).<\/li>\n\n\n\n<li><strong>Por dimens\u00f5es:<\/strong> Introduzir um objetivo <strong>Largura<\/strong> e <strong>Altura<\/strong> em pix\u00e9is.<\/li>\n<\/ul>\n<\/li>\n\n\n\n<li><strong>R\u00e1cio de aspeto (opcional)<\/strong><br>Sair <strong>Preservar o r\u00e1cio de aspeto<\/strong> para manter as propor\u00e7\u00f5es, ou deslig\u00e1-lo para definir qualquer combina\u00e7\u00e3o de largura\/altura.<\/li>\n\n\n\n<li><strong>Pr\u00e9-visualizar o tamanho do resultado<\/strong><br>A ferramenta mostra as novas dimens\u00f5es dos p\u00edxeis antes do processamento.<\/li>\n\n\n\n<li><strong>Ampliar e descarregar<\/strong><br>Clicar <strong>Aumentar<\/strong> para aumentar a escala e, em seguida, guarde a imagem ampliada no seu dispositivo.<\/li>\n<\/ol>","protected":false},"excerpt":{"rendered":"<p>Carregue uma \u00fanica imagem (JPG, PNG, WebP, GIF, BMP, etc.). Escolha a quantidade a ampliar e descarregue o resultado da amplia\u00e7\u00e3o. Escolha a escala por percentagem ou<\/p>","protected":false},"author":1,"featured_media":132,"parent":0,"menu_order":0,"comment_status":"closed","ping_status":"closed","template":"","meta":{"footnotes":""},"class_list":["post-125","page","type-page","status-publish","has-post-thumbnail","hentry"],"_links":{"self":[{"href":"https:\/\/resizefile.com\/pt\/wp-json\/wp\/v2\/pages\/125","targetHints":{"allow":["GET"]}}],"collection":[{"href":"https:\/\/resizefile.com\/pt\/wp-json\/wp\/v2\/pages"}],"about":[{"href":"https:\/\/resizefile.com\/pt\/wp-json\/wp\/v2\/types\/page"}],"author":[{"embeddable":true,"href":"https:\/\/resizefile.com\/pt\/wp-json\/wp\/v2\/users\/1"}],"replies":[{"embeddable":true,"href":"https:\/\/resizefile.com\/pt\/wp-json\/wp\/v2\/comments?post=125"}],"version-history":[{"count":3,"href":"https:\/\/resizefile.com\/pt\/wp-json\/wp\/v2\/pages\/125\/revisions"}],"predecessor-version":[{"id":130,"href":"https:\/\/resizefile.com\/pt\/wp-json\/wp\/v2\/pages\/125\/revisions\/130"}],"wp:featuredmedia":[{"embeddable":true,"href":"https:\/\/resizefile.com\/pt\/wp-json\/wp\/v2\/media\/132"}],"wp:attachment":[{"href":"https:\/\/resizefile.com\/pt\/wp-json\/wp\/v2\/media?parent=125"}],"curies":[{"name":"wp","href":"https:\/\/api.w.org\/{rel}","templated":true}]}}