{"id":22,"date":"2025-07-19T11:36:06","date_gmt":"2025-07-19T11:36:06","guid":{"rendered":"https:\/\/resizefile.com\/?page_id=22"},"modified":"2025-08-17T11:13:41","modified_gmt":"2025-08-17T11:13:41","slug":"image-compressor","status":"publish","type":"page","link":"https:\/\/resizefile.com\/pt\/image-compressor\/","title":{"rendered":"Compressor de imagem"},"content":{"rendered":"<p>Reduza facilmente o tamanho dos ficheiros com a nossa ferramenta de compress\u00e3o de imagens em massa, concebida para lidar com os formatos JPEG, PNG, GIF e WebP. Comprima rapidamente grandes lotes de imagens, mantendo uma elevada qualidade visual. Obtenha um desempenho mais r\u00e1pido e um armazenamento eficiente com apenas alguns cliques.<\/p>\n\n\n\n<div class=\"rsimgtool\">        <form id=\"options\" action=\"\">\n\n    <div id=\"dropZone\" class=\"panel\" tabindex=\"0\" role=\"button\" aria-label=\"Carregar imagens\">\n        <input type=\"file\" id=\"fileInput\" accept=\"image\/*\" multiple \/>\n        <svg width=\"64\" height=\"64\" viewbox=\"0 0 24 24\" fill=\"none\" stroke=\"var(--accent)\" stroke-width=\"1.5\" stroke-linecap=\"round\" stroke-linejoin=\"round\" aria-hidden=\"true\"><path d=\"M3 15v4a2 2 0 0 0 2 2h14a2 2 0 0 0 2-2v-4\"\/><polyline points=\"17 8 12 3 7 8\"\/><line x1=\"12\" y1=\"3\" x2=\"12\" y2=\"15\"\/><\/svg>\n        <div class=\"hint\">Arraste e largue at\u00e9 20 imagens aqui ou clique para navegar. (JPG, PNG, WEBP, GIF, etc.)<\/div>\n        <div class=\"danger\" id=\"errorMsg\"><\/div>\n    <\/div>\n\n    <div id=\"selectedPanel\" class=\"panel\">\n        <h2 style=\"margin-top:0;font-size:1.05rem\">Imagens selecionadas<\/h2>\n        <div class=\"container\" id=\"input-images\"><\/div>\n\n                                                         \n        <div class=\"controls\">\n            <div class=\"field\">\n                <label for=\"quality\">Qualidade (1-100)<\/label>\n                <input type=\"number\" id=\"quality\" name=\"quality\" min=\"1\" max=\"100\" value=\"75\" \/>\n            <\/div>\n            <div class=\"field\">\n                <label for=\"maxsize\">Tamanho m\u00e1ximo (KB, opcional)<\/label>\n                <input type=\"number\" id=\"maxsize\" name=\"maxsize\" min=\"1\" placeholder=\"Por exemplo, 300\" \/>\n            <\/div>\n            <div class=\"field\">\n                <label for=\"output-format\">Converter formato<\/label>\n                <select name=\"format\" id=\"output-format\">\n                       <option value=\"auto\">Autom\u00f3vel<\/option>\n                        <option value=\"image\/png\">PNG<\/option>\n                        <option value=\"image\/jpeg\">JPEG<\/option>\n                        <option value=\"image\/webp\">WebP<\/option>\n                        <option value=\"image\/gif\">GIF<\/option>\n                <\/select>\n            <\/div>\n           <div class=\"field\">\n                <label for=\"maxdimension\">Largura ou altura m\u00e1xima (px, opcional)<\/label>\n                <input type=\"number\" id=\"maxdimension\" name=\"maxdimension\" min=\"1\" placeholder=\"Por exemplo, 1600\" \/>\n            <\/div>\n        <\/div>\n        <div class=\"actions\">\n            <button id=\"compressBtn\">Comprimir<\/button>\n            <a href=\"\" id=\"clearBtn\" type=\"button\" class=\"secondary\">Limpo<\/a>\n        <\/div>\n        <input type=\"hidden\" name=\"trp-form-language\" value=\"pt\"\/><\/form>\n        <div class=\"bar-wrap\" id=\"progressSection\">\n            <div class=\"flex-between\">\n                <small id=\"progressLabel\">Barra de progresso<\/small>\n                <small id=\"progressCount\"><\/small>\n            <\/div>\n            <progress id=\"progressBar\" max=\"100\" value=\"0\"><\/progress>\n        <\/div>\n    <\/div>\n\n    <div id=\"resultPanel\" class=\"panel hidden\">\n        <div class=\"flex-between\">\n            <h2 style=\"margin-top:0;font-size:1.05rem\">Imagens comprimidas<\/h2>\n            <a id=\"downloadAll\" class=\"secondary\" download=\"compressed-images.zip\">Transferir tudo (ZIP)<\/a>\n        <\/div>\n        <div class=\"container\" id=\"output-images\">\n                            <\/div>\n    <\/div>           \n\n<\/div>\n\n\n<p><strong>Privacidade:<\/strong> Todo o processamento de imagens \u00e9 executado inteiramente no lado do cliente, utilizando tecnologias no navegador (por exemplo, JavaScript). Os dados da imagem nunca saem do seu dispositivo, n\u00e3o s\u00e3o transmitidos pela rede e n\u00e3o s\u00e3o gravados nem armazenados em nenhum servidor. Isto garante total privacidade e seguran\u00e7a, uma vez que todas as opera\u00e7\u00f5es ocorrem no ambiente local do browser.<\/p>\n\n\n\n<h2 class=\"wp-block-heading\">Como utilizar<\/h2>\n\n\n\n<ol class=\"wp-block-list\">\n<li><strong>Adicione as suas imagens<\/strong><br>Arrastar e largar at\u00e9 <strong>20 ficheiros<\/strong> na caixa pontilhada ou clique nela para navegar. Formatos suportados: <strong>JPG, PNG, WEBP, GIF (animado ou est\u00e1tico)<\/strong>.<\/li>\n\n\n\n<li><strong>Definir op\u00e7\u00f5es de compress\u00e3o (opcional)<\/strong>\n<ul class=\"wp-block-list\">\n<li><strong>Qualidade (1-100):<\/strong> Menor = ficheiro mais pequeno; maior = melhor fidelidade. A predefini\u00e7\u00e3o \u00e9 <em>75<\/em>.<\/li>\n\n\n\n<li><strong>Tamanho m\u00e1ximo (KB):<\/strong> Introduzir um objetivo (por exemplo, <em>300<\/em>) se pretender imagens com um tamanho igual ou inferior a um tamanho espec\u00edfico. Deixe em branco para ignorar.<\/li>\n\n\n\n<li><strong>Converter formato:<\/strong>\n<ul class=\"wp-block-list\">\n<li><strong>Autom\u00f3vel<\/strong> = manter o formato original<\/li>\n\n\n\n<li><strong>JPG<\/strong> = melhor para fotografias<\/li>\n\n\n\n<li><strong>PNG<\/strong> = gr\u00e1ficos n\u00edtidos \/ transpar\u00eancia<\/li>\n\n\n\n<li><strong>WEBP<\/strong> = tamanho de ficheiro mais pequeno, boa qualidade<\/li>\n\n\n\n<li><strong>GIF<\/strong> = converter em formato GIF animado\/est\u00e1tico<\/li>\n<\/ul>\n<\/li>\n\n\n\n<li><strong>Largura ou altura m\u00e1xima (px):<\/strong> Introduzir uma dimens\u00e3o m\u00e1xima (por exemplo, <em>1600<\/em>). O r\u00e1cio de aspeto \u00e9 preservado. Deixar em branco para manter o tamanho original.<\/li>\n<\/ul>\n<\/li>\n\n\n\n<li><strong>Iniciar a compress\u00e3o<\/strong><br>Clicar <strong>Comprimir<\/strong>.<\/li>\n\n\n\n<li><strong>Acompanhar os progressos<\/strong><br>Seguir o <strong>Barra de progresso<\/strong> enquanto as suas imagens s\u00e3o processadas.<\/li>\n\n\n\n<li><strong>Resultados da transfer\u00eancia<\/strong>\n<ul class=\"wp-block-list\">\n<li>Clicar <strong>Descarregar tudo<\/strong> para obter todos os ficheiros num <strong>Pacote ZIP<\/strong>.<\/li>\n\n\n\n<li>Ou descarregar imagens <strong>um por um<\/strong>.<\/li>\n<\/ul>\n<\/li>\n\n\n\n<li><strong>Fazer outra fornada (opcional)<\/strong><br>Clicar <strong>Limpo<\/strong> para repor, ajustar as defini\u00e7\u00f5es e repetir.<\/li>\n<\/ol>\n\n\n\n<p><strong>Dicas:<\/strong><\/p>\n\n\n\n<ul class=\"wp-block-list\">\n<li>Para carregamentos na Web: utilizar <strong>Qualidade 60-80<\/strong> com um <strong>largura m\u00e1xima de ~1600px<\/strong>.<\/li>\n\n\n\n<li>Para reduzir ainda mais o tamanho, combinar <strong>redimensionamento + convers\u00e3o de formato (por exemplo, WEBP)<\/strong>.<\/li>\n\n\n\n<li><strong>Convers\u00e3o de GIF<\/strong> \u00e9 \u00fatil se pretender partilhar imagens animadas de forma mais eficiente.<\/li>\n<\/ul>","protected":false},"excerpt":{"rendered":"<p>Reduza facilmente o tamanho dos ficheiros com a nossa ferramenta de compress\u00e3o de imagens em massa, concebida para lidar com os formatos JPEG, PNG, GIF e WebP. Comprima rapidamente grandes lotes de imagens<\/p>","protected":false},"author":1,"featured_media":91,"parent":0,"menu_order":0,"comment_status":"closed","ping_status":"closed","template":"","meta":{"footnotes":""},"class_list":["post-22","page","type-page","status-publish","has-post-thumbnail","hentry"],"_links":{"self":[{"href":"https:\/\/resizefile.com\/pt\/wp-json\/wp\/v2\/pages\/22","targetHints":{"allow":["GET"]}}],"collection":[{"href":"https:\/\/resizefile.com\/pt\/wp-json\/wp\/v2\/pages"}],"about":[{"href":"https:\/\/resizefile.com\/pt\/wp-json\/wp\/v2\/types\/page"}],"author":[{"embeddable":true,"href":"https:\/\/resizefile.com\/pt\/wp-json\/wp\/v2\/users\/1"}],"replies":[{"embeddable":true,"href":"https:\/\/resizefile.com\/pt\/wp-json\/wp\/v2\/comments?post=22"}],"version-history":[{"count":36,"href":"https:\/\/resizefile.com\/pt\/wp-json\/wp\/v2\/pages\/22\/revisions"}],"predecessor-version":[{"id":112,"href":"https:\/\/resizefile.com\/pt\/wp-json\/wp\/v2\/pages\/22\/revisions\/112"}],"wp:featuredmedia":[{"embeddable":true,"href":"https:\/\/resizefile.com\/pt\/wp-json\/wp\/v2\/media\/91"}],"wp:attachment":[{"href":"https:\/\/resizefile.com\/pt\/wp-json\/wp\/v2\/media?parent=22"}],"curies":[{"name":"wp","href":"https:\/\/api.w.org\/{rel}","templated":true}]}}