{"id":252,"date":"2025-11-08T08:23:15","date_gmt":"2025-11-08T08:23:15","guid":{"rendered":"https:\/\/resizefile.com\/?page_id=252"},"modified":"2025-11-10T07:20:56","modified_gmt":"2025-11-10T07:20:56","slug":"convert-image","status":"publish","type":"page","link":"https:\/\/resizefile.com\/pt\/convert-image\/","title":{"rendered":"Conversor de imagens em massa"},"content":{"rendered":"<p>Converta praticamente qualquer imagem para qualquer outro formato - de forma r\u00e1pida, privada e sem complica\u00e7\u00f5es. Carregue at\u00e9 20 imagens de uma s\u00f3 vez e, em seguida, transfira os resultados individualmente ou obtenha tudo num \u00fanico ZIP. Todas as convers\u00f5es s\u00e3o efectuadas inteiramente no seu browser, pelo que os ficheiros nunca saem do seu dispositivo. Suporta os principais formatos, incluindo JPG\/JPEG, PNG, WebP, GIF, TIFF, BMP, HEIC, SVG, ICO e AVIF.<\/p>\n\n\n\n<div class=\"convertcont\">\n    <div class=\"section\">\n      <div id=\"dropzone\" class=\"dropzone\">\n        <div style=\"font-weight:600;margin-bottom:6px\">Arraste e largue at\u00e9 20 imagens aqui ou clique para navegar<\/div>\n        <div class=\"help\">JPEG\/JPG\/JFIF, PNG, WEBP, AVIF, GIF (primeiro fotograma), BMP, SVG, TIFF, HEIC\/HEIF<\/div>\n        <input id=\"fileInput\" type=\"file\" accept=\"image\/*,.heic,.heif,.tif,.tiff,.bmp,.svg\" multiple style=\"display:none\" \/>\n      <\/div>\n\n      <div style=\"margin-top:18px\">\n        <h3 style=\"margin:0 0 8px;font-size:16px\">Imagens selecionadas<\/h3>\n        <div id=\"inputList\" class=\"list\">Adicione pelo menos uma imagem.<\/div>\n      <\/div>\n\n      <div class=\"section\" style=\"margin-top:16px;background:var(--bg);border-color:var(--border)\">\n        <h3 style=\"margin:0 0 8px;font-size:16px\">Defini\u00e7\u00f5es<\/h3>\n        <div class=\"input-row\">\n          <div class=\"field\" style=\"min-width:260px\">\n            <label for=\"formatSelect\">Converter para<\/label>\n            <select id=\"formatSelect\"><\/select>\n            <div id=\"supportNote\" class=\"help\"><\/div>\n          <\/div>\n          <div class=\"field\" style=\"width:140px\">\n            <label for=\"qualityInput\">Qualidade (1-100)<\/label>\n            <input id=\"qualityInput\" type=\"number\" min=\"1\" max=\"100\" value=\"100\" \/>\n          <\/div>\n        <\/div>\n        <div class=\"footer-actions\">\n          <button id=\"clearBtn\" class=\"btn btn-light\" type=\"button\">Limpo<\/button>\n          <button id=\"convertBtn\" class=\"btn\" type=\"button\" disabled>Converter<\/button>\n        <\/div>\n        <div style=\"margin-top:12px\">\n          <div class=\"progress\"><div id=\"progressBar\"><\/div><\/div>\n          <div class=\"help\" id=\"progressText\" style=\"margin-top:6px\">\u00c0 espera...<\/div>\n        <\/div>\n      <\/div>\n    <\/div>\n \n\n    <div id=\"outputSection\" class=\"section hidden\">\n      <div class=\"row-between\">\n        <div>\n          <h2 style=\"font-size:18px;margin:0\">Imagens convertidas<\/h2>\n          <div class=\"help\">Descarregue individualmente ou como um \u00fanico ZIP.<\/div>\n        <\/div>\n        <div>\n          <button id=\"zipBtn\" class=\"btn\" type=\"button\">Descarregar ZIP<\/button>\n        <\/div>\n      <\/div>\n      <div id=\"outputList\" class=\"list\" style=\"margin-top:12px\"><\/div>\n    <\/div>\n  <\/div>\n\n\n<p><strong>Privacidade:<\/strong> Todo o processamento de imagens \u00e9 executado inteiramente no lado do cliente, utilizando tecnologias no navegador (por exemplo, JavaScript). Os dados da imagem nunca saem do seu dispositivo, n\u00e3o s\u00e3o transmitidos pela rede e n\u00e3o s\u00e3o gravados nem armazenados em nenhum servidor. Isto garante total privacidade e seguran\u00e7a, uma vez que todas as opera\u00e7\u00f5es ocorrem no ambiente local do browser.<\/p>\n\n\n\n<h2 class=\"wp-block-heading\">Como utilizar<\/h2>\n\n\n\n<ol class=\"wp-block-list\">\n<li>Clique na caixa de imagem acima ou arraste as suas imagens para a mesma.<\/li>\n\n\n\n<li>Depois de carregados, ver\u00e1 uma lista dos ficheiros abaixo.<\/li>\n\n\n\n<li>Escolha o formato de sa\u00edda (JPG, PNG, WebP, GIF, TIFF, BMP, HEIC, SVG, ICO, AVIF, etc...) e escolha uma qualidade de 1-100 (100 = melhor).<\/li>\n\n\n\n<li>Clicar <strong>Converter<\/strong> para iniciar o processamento.<\/li>\n\n\n\n<li>Quando terminar, verifique na lista de sa\u00edda os novos nomes e tamanhos dos ficheiros.<\/li>\n\n\n\n<li>Descarregue os ficheiros um a um ou obtenha-os todos de uma vez como um ZIP.<\/li>\n<\/ol>\n\n\n\n  <div class=\"kb-link-cloud\"> \n  <a href=\"https:\/\/resizefile.com\/pt\/convert-image\/jpeg-to-jpg\/\">.jpeg para .jpg<\/a>\n  <a href=\"https:\/\/resizefile.com\/pt\/convert-image\/jpeg-to-png\/\">.jpeg para .png<\/a>\n  <a href=\"https:\/\/resizefile.com\/pt\/convert-image\/jpeg-to-webp\/\">.jpeg para .webp<\/a>\n\n  <a href=\"https:\/\/resizefile.com\/pt\/convert-image\/jpg-to-png\/\">.jpg para .png<\/a>\n  <a href=\"https:\/\/resizefile.com\/pt\/convert-image\/jpg-to-webp\/\">.jpg para .webp<\/a>\n\n  <a href=\"https:\/\/resizefile.com\/pt\/convert-image\/jfif-to-jpg\/\">.jfif para .jpg<\/a>\n\n  <a href=\"https:\/\/resizefile.com\/pt\/convert-image\/pjpeg-to-jpg\/\">.pjpeg para .jpg<\/a>\n\n  <a href=\"https:\/\/resizefile.com\/pt\/convert-image\/pjp-to-jpg\/\">.pjp para .jpg<\/a>\n\n  <a href=\"https:\/\/resizefile.com\/pt\/convert-image\/png-to-jpg\/\">.png para .jpg<\/a>\n  <a href=\"https:\/\/resizefile.com\/pt\/convert-image\/png-to-webp\/\">.png para .webp<\/a>\n\n  <a href=\"https:\/\/resizefile.com\/pt\/convert-image\/webp-to-jpg\/\">.webp para .jpg<\/a>\n  <a href=\"https:\/\/resizefile.com\/pt\/convert-image\/webp-to-png\/\">.webp para .png<\/a>\n\n  <a href=\"https:\/\/resizefile.com\/pt\/convert-image\/avif-to-jpg\/\">.avif para .jpg<\/a>\n  <a href=\"https:\/\/resizefile.com\/pt\/convert-image\/avif-to-png\/\">.avif para .png<\/a>\n\n  <a href=\"https:\/\/resizefile.com\/pt\/convert-image\/tiff-to-jpg\/\">.tiff para .jpg<\/a>\n\n  <a href=\"https:\/\/resizefile.com\/pt\/convert-image\/bmp-to-jpg\/\">.bmp para .jpg<\/a>\n\n  <a href=\"https:\/\/resizefile.com\/pt\/convert-image\/gif-to-png\/\">.gif para .png<\/a>\n  <a href=\"https:\/\/resizefile.com\/pt\/convert-image\/gif-to-jpg\/\">.gif para .jpg<\/a>\n\n  <a href=\"https:\/\/resizefile.com\/pt\/convert-image\/svg-to-png\/\">.svg para .png<\/a>\n\n  <a href=\"https:\/\/resizefile.com\/pt\/convert-image\/heic-to-jpg\/\">.heic para .jpg<\/a>\n  <a href=\"https:\/\/resizefile.com\/pt\/convert-image\/heic-to-png\/\">.heic para .png<\/a>\n  <\/div>","protected":false},"excerpt":{"rendered":"<p>Converta praticamente qualquer imagem para qualquer outro formato - r\u00e1pido, privado e sem complica\u00e7\u00f5es. Carregue at\u00e9 20 imagens de uma s\u00f3 vez e, em seguida, transfira os resultados individualmente ou<\/p>","protected":false},"author":1,"featured_media":506,"parent":0,"menu_order":0,"comment_status":"closed","ping_status":"closed","template":"","meta":{"footnotes":""},"class_list":["post-252","page","type-page","status-publish","has-post-thumbnail","hentry"],"_links":{"self":[{"href":"https:\/\/resizefile.com\/pt\/wp-json\/wp\/v2\/pages\/252","targetHints":{"allow":["GET"]}}],"collection":[{"href":"https:\/\/resizefile.com\/pt\/wp-json\/wp\/v2\/pages"}],"about":[{"href":"https:\/\/resizefile.com\/pt\/wp-json\/wp\/v2\/types\/page"}],"author":[{"embeddable":true,"href":"https:\/\/resizefile.com\/pt\/wp-json\/wp\/v2\/users\/1"}],"replies":[{"embeddable":true,"href":"https:\/\/resizefile.com\/pt\/wp-json\/wp\/v2\/comments?post=252"}],"version-history":[{"count":6,"href":"https:\/\/resizefile.com\/pt\/wp-json\/wp\/v2\/pages\/252\/revisions"}],"predecessor-version":[{"id":509,"href":"https:\/\/resizefile.com\/pt\/wp-json\/wp\/v2\/pages\/252\/revisions\/509"}],"wp:featuredmedia":[{"embeddable":true,"href":"https:\/\/resizefile.com\/pt\/wp-json\/wp\/v2\/media\/506"}],"wp:attachment":[{"href":"https:\/\/resizefile.com\/pt\/wp-json\/wp\/v2\/media?parent=252"}],"curies":[{"name":"wp","href":"https:\/\/api.w.org\/{rel}","templated":true}]}}