{"id":3,"date":"2025-07-19T07:36:00","date_gmt":"2025-07-19T07:36:00","guid":{"rendered":"http:\/\/resizefile.com\/?page_id=3"},"modified":"2025-07-19T08:23:45","modified_gmt":"2025-07-19T08:23:45","slug":"privacy-policy","status":"publish","type":"page","link":"https:\/\/resizefile.com\/pt\/privacy-policy\/","title":{"rendered":"Pol\u00edtica de privacidade"},"content":{"rendered":"<p><strong>Quem somos<\/strong><\/p>\n\n\n\n<p>O endere\u00e7o do nosso s\u00edtio Web \u00e9: <a href=\"https:\/\/resizefile.com\/pt\/\">https:\/\/resizefile.com<\/a>.<\/p>\n\n\n\n<p><strong>Recolha e utiliza\u00e7\u00e3o de informa\u00e7\u00f5es<\/strong><\/p>\n\n\n\n<p><strong>Coment\u00e1rios<\/strong><\/p>\n\n\n\n<p>Quando os visitantes deixam coment\u00e1rios no s\u00edtio, recolhemos os dados apresentados no formul\u00e1rio de coment\u00e1rios, bem como o endere\u00e7o IP do visitante e a cadeia de agentes do utilizador do navegador para ajudar na dete\u00e7\u00e3o de spam.<\/p>\n\n\n\n<p>Uma cadeia an\u00f3nima criada a partir do seu endere\u00e7o de e-mail (tamb\u00e9m designada por hash) pode ser fornecida ao servi\u00e7o Gravatar para verificar se o utilizador o est\u00e1 a utilizar. A pol\u00edtica de privacidade do servi\u00e7o Gravatar est\u00e1 dispon\u00edvel aqui: <a href=\"https:\/\/automattic.com\/privacy\/\" rel=\"nofollow noopener\" target=\"_blank\">https:\/\/automattic.com\/privacy\/<\/a>. Ap\u00f3s a aprova\u00e7\u00e3o do seu coment\u00e1rio, a sua fotografia de perfil fica vis\u00edvel para o p\u00fablico juntamente com o seu coment\u00e1rio.<\/p>\n\n\n\n<p><strong>Processamento de imagens do lado do navegador<\/strong><\/p>\n\n\n\n<p>Todas as ferramentas de processamento de imagem fornecidas pelo Resize File, incluindo compress\u00e3o de imagem, redimensionamento e outros utilit\u00e1rios, operam exclusivamente dentro do seu navegador. Nenhuma imagem \u00e9 carregada ou armazenada nos nossos servidores.<\/p>\n\n\n\n<p><strong>Biscoitos<\/strong><\/p>\n\n\n\n<p>Se deixar um coment\u00e1rio no nosso site, pode optar por guardar o seu nome, endere\u00e7o de correio eletr\u00f3nico e s\u00edtio Web nos cookies. Estes s\u00e3o para sua conveni\u00eancia, para que n\u00e3o tenha de preencher novamente os seus dados quando deixar outro coment\u00e1rio. Estes cookies ter\u00e3o a dura\u00e7\u00e3o de um ano.<\/p>\n\n\n\n<p>Se visitar a nossa p\u00e1gina de in\u00edcio de sess\u00e3o, definiremos um cookie tempor\u00e1rio para determinar se o seu browser aceita cookies. Este cookie n\u00e3o cont\u00e9m dados pessoais e \u00e9 eliminado quando o utilizador fecha o seu browser.<\/p>\n\n\n\n<p>Ao iniciar a sess\u00e3o, tamb\u00e9m definimos v\u00e1rios cookies para guardar as suas informa\u00e7\u00f5es de in\u00edcio de sess\u00e3o e as suas prefer\u00eancias de visualiza\u00e7\u00e3o do ecr\u00e3. Os cookies de in\u00edcio de sess\u00e3o t\u00eam uma dura\u00e7\u00e3o de dois dias e os cookies de op\u00e7\u00f5es de ecr\u00e3 t\u00eam uma dura\u00e7\u00e3o de um ano. Se selecionar \u201cLembrar-me\u201d, o seu in\u00edcio de sess\u00e3o persistir\u00e1 durante duas semanas. Se terminar a sess\u00e3o, os cookies de in\u00edcio de sess\u00e3o ser\u00e3o removidos.<\/p>\n\n\n\n<p>Se editar ou publicar um artigo, \u00e9 guardado um cookie adicional no seu browser. Este cookie n\u00e3o inclui dados pessoais e indica simplesmente o ID de publica\u00e7\u00e3o do artigo que editou. Expira ao fim de um dia.<\/p>\n\n\n\n<p><strong>Conte\u00fado incorporado de outros s\u00edtios Web<\/strong><\/p>\n\n\n\n<p>Os artigos deste s\u00edtio podem incluir conte\u00fado incorporado (por exemplo, v\u00eddeos, imagens, artigos, etc.). O conte\u00fado incorporado de outros s\u00edtios Web comporta-se exatamente como se tivesse visitado o outro s\u00edtio Web diretamente.<\/p>\n\n\n\n<p>Estes s\u00edtios Web externos podem recolher dados sobre o utilizador, utilizar cookies, incorporar rastreio adicional de terceiros e monitorizar a sua intera\u00e7\u00e3o com esse conte\u00fado incorporado, incluindo o rastreio da sua intera\u00e7\u00e3o se tiver uma conta e estiver ligado a esse s\u00edtio Web.<\/p>\n\n\n\n<p><strong>An\u00e1lise e publicidade<\/strong><\/p>\n\n\n\n<p>O Resize File utiliza o Google Analytics para recolher dados an\u00f3nimos para melhor compreender o comportamento dos utilizadores e melhorar o nosso website. O Google Analytics utiliza cookies para acompanhar as intera\u00e7\u00f5es dos visitantes. Para obter mais informa\u00e7\u00f5es sobre a forma como o Google Analytics recolhe e processa dados, visite: <a>Pol\u00edtica de privacidade do Google Analytics<\/a>.<\/p>\n\n\n\n<p>Tamb\u00e9m utilizamos o Google Adsense para apresentar an\u00fancios. O Google Adsense pode utilizar cookies para personalizar an\u00fancios com base nas visitas anteriores do utilizador ao nosso site ou a outros sites. O utilizador pode gerir as suas prefer\u00eancias de an\u00fancios do Google ou optar por n\u00e3o participar em qualquer altura, visitando a p\u00e1gina Defini\u00e7\u00f5es de an\u00fancios do Google: <a href=\"https:\/\/adssettings.google.com\" rel=\"nofollow noopener\" target=\"_blank\">Personaliza\u00e7\u00e3o de an\u00fancios do Google<\/a>.<\/p>\n\n\n\n<p><strong>Com quem partilhamos os seus dados<\/strong><\/p>\n\n\n\n<p>Se solicitar uma reposi\u00e7\u00e3o da palavra-passe, o seu endere\u00e7o IP ser\u00e1 inclu\u00eddo na mensagem de correio eletr\u00f3nico de reposi\u00e7\u00e3o.<\/p>\n\n\n\n<p><strong>Durante quanto tempo conservamos os seus dados<\/strong><\/p>\n\n\n\n<p>Se deixar um coment\u00e1rio, o coment\u00e1rio e os respectivos metadados s\u00e3o retidos indefinidamente para reconhecer e aprovar automaticamente quaisquer coment\u00e1rios subsequentes, em vez de os colocar numa fila de modera\u00e7\u00e3o.<\/p>\n\n\n\n<p>Para os utilizadores que se registam no nosso s\u00edtio Web (caso existam), guardamos as informa\u00e7\u00f5es pessoais fornecidas no seu perfil de utilizador. Os utilizadores podem ver, editar ou eliminar as suas informa\u00e7\u00f5es pessoais em qualquer altura (exceto o nome de utilizador). Os administradores do s\u00edtio Web tamb\u00e9m t\u00eam acesso para ver e editar estas informa\u00e7\u00f5es.<\/p>\n\n\n\n<p><strong>Os seus direitos sobre os seus dados<\/strong><\/p>\n\n\n\n<p>Se tiver uma conta neste s\u00edtio ou tiver deixado coment\u00e1rios, pode solicitar um ficheiro exportado dos dados pessoais que temos sobre si, incluindo quaisquer dados que nos tenha fornecido. Tamb\u00e9m pode solicitar a elimina\u00e7\u00e3o de quaisquer dados pessoais que tenhamos sobre si. Isto n\u00e3o inclui os dados que temos de reter para fins administrativos, legais ou de seguran\u00e7a.<\/p>\n\n\n\n<p><strong>Para onde s\u00e3o enviados os seus dados<\/strong><\/p>\n\n\n\n<p>Os coment\u00e1rios dos visitantes podem ser verificados atrav\u00e9s de um servi\u00e7o autom\u00e1tico de dete\u00e7\u00e3o de spam.<\/p>\n\n\n\n<p><strong>Altera\u00e7\u00f5es a esta pol\u00edtica de privacidade<\/strong><\/p>\n\n\n\n<p>Reservamo-nos o direito de atualizar esta Pol\u00edtica de Privacidade conforme necess\u00e1rio. Quaisquer altera\u00e7\u00f5es ser\u00e3o publicadas diretamente nesta p\u00e1gina. Os utilizadores s\u00e3o encorajados a rever regularmente a nossa Pol\u00edtica de Privacidade para obter actualiza\u00e7\u00f5es.<\/p>\n\n\n\n<p><strong>Contactar-nos<\/strong><\/p>\n\n\n\n<p>Para quaisquer quest\u00f5es relativas \u00e0 nossa Pol\u00edtica de Privacidade, contacte-nos atrav\u00e9s de <a href=\"mailto:support@resizefile.com\">support@resizefile.com<\/a>.<\/p>","protected":false},"excerpt":{"rendered":"<p>Quem somos O endere\u00e7o do nosso s\u00edtio Web \u00e9: https:\/\/resizefile.com. Recolha e utiliza\u00e7\u00e3o de informa\u00e7\u00f5es Coment\u00e1rios Quando os visitantes deixam coment\u00e1rios no s\u00edtio, recolhemos os dados indicados<\/p>","protected":false},"author":1,"featured_media":0,"parent":0,"menu_order":0,"comment_status":"closed","ping_status":"open","template":"","meta":{"footnotes":""},"class_list":["post-3","page","type-page","status-publish","hentry"],"_links":{"self":[{"href":"https:\/\/resizefile.com\/pt\/wp-json\/wp\/v2\/pages\/3","targetHints":{"allow":["GET"]}}],"collection":[{"href":"https:\/\/resizefile.com\/pt\/wp-json\/wp\/v2\/pages"}],"about":[{"href":"https:\/\/resizefile.com\/pt\/wp-json\/wp\/v2\/types\/page"}],"author":[{"embeddable":true,"href":"https:\/\/resizefile.com\/pt\/wp-json\/wp\/v2\/users\/1"}],"replies":[{"embeddable":true,"href":"https:\/\/resizefile.com\/pt\/wp-json\/wp\/v2\/comments?post=3"}],"version-history":[{"count":1,"href":"https:\/\/resizefile.com\/pt\/wp-json\/wp\/v2\/pages\/3\/revisions"}],"predecessor-version":[{"id":19,"href":"https:\/\/resizefile.com\/pt\/wp-json\/wp\/v2\/pages\/3\/revisions\/19"}],"wp:attachment":[{"href":"https:\/\/resizefile.com\/pt\/wp-json\/wp\/v2\/media?parent=3"}],"curies":[{"name":"wp","href":"https:\/\/api.w.org\/{rel}","templated":true}]}}