{"id":387,"date":"2025-11-08T08:50:36","date_gmt":"2025-11-08T08:50:36","guid":{"rendered":"https:\/\/resizefile.com\/convert-image\/avif-to-jpg\/"},"modified":"2025-11-10T07:21:02","modified_gmt":"2025-11-10T07:21:02","slug":"avif-to-jpg","status":"publish","type":"page","link":"https:\/\/resizefile.com\/pt\/convert-image\/avif-to-jpg\/","title":{"rendered":"AVIF para JPG - Convers\u00e3o em massa de imagens .avif para .jpg"},"content":{"rendered":"<link rel='stylesheet' id='compress-main' href='https:\/\/resizefile.com\/cdn\/convert\/main.css' type='text\/css' media='all' \/>\r\n <p>Converta imagens AVIF para JPG de forma r\u00e1pida, privada e sem complica\u00e7\u00f5es. Carregue at\u00e9 20 imagens .avif, converta instantaneamente no seu navegador e, em seguida, transfira cada imagem .jpg ou tudo como um \u00fanico ZIP. Os seus ficheiros nunca saem do seu dispositivo e n\u00e3o existem marcas de \u00e1gua ou registos, apenas uma convers\u00e3o r\u00e1pida e fi\u00e1vel de AVIF para JPG.<\/p>\r\n <div class=\"convertcont\">\r\n    <div class=\"section\">\r\n      <div id=\"dropzone\" class=\"dropzone\">\r\n        <div style=\"font-weight:600;margin-bottom:6px\">Arraste e largue at\u00e9 20 imagens AVIF aqui ou clique para navegar<\/div>\r\n        <div class=\"help\">Carregar uma imagem .avif<\/div>\r\n\t\t<input id=\"fileInput\" type=\"file\" accept=\".avif\" multiple=\"\" style=\"display:none\">\r\n      <\/div>\r\n\r\n      <div style=\"margin-top:18px\">\r\n        <h3 style=\"margin:0 0 8px;font-size:16px\">Imagens selecionadas<\/h3>\r\n        <div id=\"inputList\" class=\"list\">Adicione pelo menos uma imagem .avif.<\/div>\r\n      <\/div>\r\n\r\n      <div class=\"section\" style=\"margin-top:16px;background:var(--bg);border-color:var(--border)\">\r\n        <h3 style=\"margin:0 0 8px;font-size:16px\">Defini\u00e7\u00f5es<\/h3>\r\n        <div class=\"input-row\">\r\n          <div class=\"field\" style=\"min-width:260px\">\r\n            <label for=\"formatSelect\">Converter para<\/label>\r\n            <select id=\"formatSelect\"><\/select>\r\n            <div id=\"supportNote\" class=\"help\"><\/div>\r\n          <\/div>\r\n          <div class=\"field\" style=\"width:140px\">\r\n            <label for=\"qualityInput\">Qualidade (1-100)<\/label>\r\n            <input id=\"qualityInput\" type=\"number\" min=\"1\" max=\"100\" value=\"100\" \/>\r\n          <\/div>\r\n        <\/div>\r\n        <div class=\"footer-actions\">\r\n          <button id=\"clearBtn\" class=\"btn btn-light\" type=\"button\">Limpo<\/button>\r\n          <button id=\"convertBtn\" class=\"btn\" type=\"button\" disabled>Converter para JPG<\/button>\r\n        <\/div>\r\n        <div style=\"margin-top:12px\">\r\n          <div class=\"progress\"><div id=\"progressBar\"><\/div><\/div>\r\n          <div class=\"help\" id=\"progressText\" style=\"margin-top:6px\">\u00c0 espera...<\/div>\r\n        <\/div>\r\n      <\/div>\r\n    <\/div>\r\n \r\n\r\n    <div id=\"outputSection\" class=\"section hidden\">\r\n      <div class=\"row-between\">\r\n        <div>\r\n          <h2 style=\"font-size:18px;margin:0\">Imagens convertidas<\/h2>\r\n          <div class=\"help\">Descarregue individualmente ou como um \u00fanico ZIP.<\/div>\r\n        <\/div>\r\n        <div>\r\n          <button id=\"zipBtn\" class=\"btn\" type=\"button\">Descarregar ZIP<\/button>\r\n        <\/div>\r\n      <\/div>\r\n\t  \t\r\n\r\n      <div id=\"outputList\" class=\"list\" style=\"margin-top:12px\"><\/div>\r\n    <\/div>\r\n  <\/div>\r\n <p><strong>Privacidade:<\/strong> Todo o processamento de imagens \u00e9 executado inteiramente no lado do cliente, utilizando tecnologias no navegador (por exemplo, JavaScript). Os dados da imagem nunca saem do seu dispositivo, n\u00e3o s\u00e3o transmitidos pela rede e n\u00e3o s\u00e3o gravados nem armazenados em nenhum servidor. Isto garante total privacidade e seguran\u00e7a, uma vez que todas as opera\u00e7\u00f5es ocorrem no ambiente local do browser.<\/p>\r\n  <h2 id=\"how-to-use-title\">Como utilizar<\/h2>\r\n  <ol>\r\n    <li>\r\n      Clique na caixa de carregamento acima ou arraste as suas imagens para a mesma.\r\n    <\/li>\r\n    <li>\r\n      Depois de carregados, reveja a lista de ficheiros abaixo e (opcionalmente) defina a qualidade\/compress\u00e3o\r\n      de <strong>1-100<\/strong> (<strong>100<\/strong> = melhor qualidade, maior ficheiro).\r\n    <\/li>\r\n    <li>\r\n      Clicar <strong>Converter<\/strong> para transformar o seu <span class=\"from-format\">AVIF<\/span> imagens em\r\n      <span class=\"to-format\">JPG<\/span>.\r\n    <\/li>\r\n    <li>\r\n      Quando terminar, verifique a lista de sa\u00edda .jpg para os novos nomes de ficheiros e tamanhos.\r\n    <\/li>\r\n    <li>\r\n      Descarregar ficheiros individualmente ou utilizar <strong>Descarregar ZIP<\/strong> para obter tudo de uma vez.\r\n    <\/li>\r\n  <\/ol>\r\n  <div class=\"kb-link-cloud\"> \r\n  <a href=\"https:\/\/resizefile.com\/pt\/convert-image\/avif-to-jpeg\/\"> .avif para .jpeg <\/a>\n<a href=\"https:\/\/resizefile.com\/pt\/convert-image\/avif-to-jpg\/\"> .avif para .jpg <\/a>\n<a href=\"https:\/\/resizefile.com\/pt\/convert-image\/avif-to-jfif\/\"> .avif para .jfif <\/a>\n<a href=\"https:\/\/resizefile.com\/pt\/convert-image\/avif-to-pjpeg\/\"> .avif para .pjpeg <\/a>\n<a href=\"https:\/\/resizefile.com\/pt\/convert-image\/avif-to-pjp\/\"> .avif para .pjp <\/a>\n<a href=\"https:\/\/resizefile.com\/pt\/convert-image\/avif-to-png\/\"> .avif para .png <\/a>\n<a href=\"https:\/\/resizefile.com\/pt\/convert-image\/avif-to-webp\/\"> .avif para .webp <\/a>\n<a href=\"https:\/\/resizefile.com\/pt\/convert-image\/avif-to-tiff\/\"> .avif para .tiff <\/a>\n<a href=\"https:\/\/resizefile.com\/pt\/convert-image\/avif-to-bmp\/\"> .avif para .bmp <\/a>\n<a href=\"https:\/\/resizefile.com\/pt\/convert-image\/avif-to-gif\/\"> .avif para .gif <\/a>\n<a href=\"https:\/\/resizefile.com\/pt\/convert-image\/avif-to-ico\/\"> .avif para .ico <\/a>\n<a href=\"https:\/\/resizefile.com\/pt\/convert-image\/avif-to-svg\/\"> .avif para .svg <\/a>\n<a href=\"https:\/\/resizefile.com\/pt\/convert-image\/avif-to-ppm\/\"> .avif para .ppm <\/a>\n<a href=\"https:\/\/resizefile.com\/pt\/convert-image\/avif-to-pgm\/\"> .avif para .pgm <\/a>\n<a href=\"https:\/\/resizefile.com\/pt\/convert-image\/avif-to-pbm\/\"> .avif para .pbm <\/a>\n<a href=\"https:\/\/resizefile.com\/pt\/convert-image\/avif-to-tga\/\"> .avif para .tga <\/a>\n<a href=\"https:\/\/resizefile.com\/pt\/convert-image\/avif-to-pcx\/\"> .avif para .pcx <\/a>\n<a href=\"https:\/\/resizefile.com\/pt\/convert-image\/jpg-to-jpeg\/\"> .jpg para .jpeg <\/a>\n<a href=\"https:\/\/resizefile.com\/pt\/convert-image\/jpg-to-jfif\/\"> .jpg para .jfif <\/a>\n<a href=\"https:\/\/resizefile.com\/pt\/convert-image\/jpg-to-pjpeg\/\"> .jpg para .pjpeg <\/a>\n<a href=\"https:\/\/resizefile.com\/pt\/convert-image\/jpg-to-pjp\/\"> .jpg para .pjp <\/a>\n<a href=\"https:\/\/resizefile.com\/pt\/convert-image\/jpg-to-png\/\"> .jpg para .png <\/a>\n<a href=\"https:\/\/resizefile.com\/pt\/convert-image\/jpg-to-webp\/\"> .jpg para .webp <\/a>\n<a href=\"https:\/\/resizefile.com\/pt\/convert-image\/jpg-to-avif\/\"> .jpg para .avif <\/a>\n<a href=\"https:\/\/resizefile.com\/pt\/convert-image\/jpg-to-tiff\/\"> .jpg para .tiff <\/a>\n<a href=\"https:\/\/resizefile.com\/pt\/convert-image\/jpg-to-bmp\/\"> .jpg para .bmp <\/a>\n<a href=\"https:\/\/resizefile.com\/pt\/convert-image\/jpg-to-gif\/\"> .jpg para .gif <\/a>\n<a href=\"https:\/\/resizefile.com\/pt\/convert-image\/jpg-to-ico\/\"> .jpg para .ico <\/a>\n<a href=\"https:\/\/resizefile.com\/pt\/convert-image\/jpg-to-svg\/\"> .jpg para .svg <\/a>\n<a href=\"https:\/\/resizefile.com\/pt\/convert-image\/jpg-to-ppm\/\"> .jpg para .ppm <\/a>\n<a href=\"https:\/\/resizefile.com\/pt\/convert-image\/jpg-to-pgm\/\"> .jpg para .pgm <\/a>\n<a href=\"https:\/\/resizefile.com\/pt\/convert-image\/jpg-to-pbm\/\"> .jpg para .pbm <\/a>\n<a href=\"https:\/\/resizefile.com\/pt\/convert-image\/jpg-to-tga\/\"> .jpg para .tga <\/a>\n<a href=\"https:\/\/resizefile.com\/pt\/convert-image\/jpg-to-pcx\/\"> .jpg para .pcx <\/a>\n\r\n  <\/div>\r\n  <style>\r\n    .kb-link-cloud {\r\n        display: flex; flex-wrap: wrap; gap: 8px;\r\n    }\r\n    .kb-link-cloud a {\r\npadding: 6px 12px; background:#0073e6; color:white; text-decoration:none; border-radius:6px; font-size:14px;\r\n    }\r\n    <\/style>\r\n  <script src=\"https:\/\/cdnjs.cloudflare.com\/ajax\/libs\/jszip\/3.10.1\/jszip.min.js\" crossorigin=\"anonymous\" referrerpolicy=\"no-referrer\"><\/script>\r\n  <script src=\"https:\/\/cdnjs.cloudflare.com\/ajax\/libs\/FileSaver.js\/2.0.5\/FileSaver.min.js\" crossorigin=\"anonymous\" referrerpolicy=\"no-referrer\"><\/script>\r\n  <!-- TIFF decode\/encode -->\r\n<script src=\"\r\nhttps:\/\/cdn.jsdelivr.net\/npm\/utif@3.1.0\/UTIF.min.js\r\n\"><\/script>  <!-- HEIC\/HEIF decode to PNG\/JPEG -->\r\n  <script src=\"https:\/\/cdn.jsdelivr.net\/npm\/heic2any@0.0.4\/dist\/heic2any.min.js\"><\/script>\r\n  <!-- GIF parser (first frame) -->\r\n<script src=\"\r\nhttps:\/\/cdn.jsdelivr.net\/npm\/gifuct-js@2.1.2\/lib\/index.min.js\r\n\"><\/script>  <!-- BMP encoder\/decoder -->\r\n  <script src=\"https:\/\/cdn.jsdelivr.net\/npm\/bmp-js@0.1.0\/browser.js\"><\/script>\r\n  <!-- GIF encoder (single-frame) -->\r\n  <script src=\"https:\/\/cdn.jsdelivr.net\/npm\/gifenc@1.0.3\/dist\/gifenc.min.js\"><\/script>\r\n  <script>var toExt = '.jpg'<\/script>\r\n    <script src=\"https:\/\/resizefile.com\/cdn\/convert\/main.js?v=7\"><\/script>","protected":false},"excerpt":{"rendered":"","protected":false},"author":1,"featured_media":0,"parent":252,"menu_order":0,"comment_status":"closed","ping_status":"open","template":"","meta":{"footnotes":""},"class_list":["post-387","page","type-page","status-publish","hentry"],"_links":{"self":[{"href":"https:\/\/resizefile.com\/pt\/wp-json\/wp\/v2\/pages\/387","targetHints":{"allow":["GET"]}}],"collection":[{"href":"https:\/\/resizefile.com\/pt\/wp-json\/wp\/v2\/pages"}],"about":[{"href":"https:\/\/resizefile.com\/pt\/wp-json\/wp\/v2\/types\/page"}],"author":[{"embeddable":true,"href":"https:\/\/resizefile.com\/pt\/wp-json\/wp\/v2\/users\/1"}],"replies":[{"embeddable":true,"href":"https:\/\/resizefile.com\/pt\/wp-json\/wp\/v2\/comments?post=387"}],"version-history":[{"count":1,"href":"https:\/\/resizefile.com\/pt\/wp-json\/wp\/v2\/pages\/387\/revisions"}],"predecessor-version":[{"id":551,"href":"https:\/\/resizefile.com\/pt\/wp-json\/wp\/v2\/pages\/387\/revisions\/551"}],"up":[{"embeddable":true,"href":"https:\/\/resizefile.com\/pt\/wp-json\/wp\/v2\/pages\/252"}],"wp:attachment":[{"href":"https:\/\/resizefile.com\/pt\/wp-json\/wp\/v2\/media?parent=387"}],"curies":[{"name":"wp","href":"https:\/\/api.w.org\/{rel}","templated":true}]}}