{"id":72,"date":"2025-08-17T10:03:51","date_gmt":"2025-08-17T10:03:51","guid":{"rendered":"https:\/\/resizefile.com\/?page_id=72"},"modified":"2025-08-17T11:05:33","modified_gmt":"2025-08-17T11:05:33","slug":"resize-images","status":"publish","type":"page","link":"https:\/\/resizefile.com\/pt\/resize-images\/","title":{"rendered":"Redimensionar imagens"},"content":{"rendered":"<p>O Bulk Image Resizer \u00e9 uma ferramenta Web que lhe permite arrastar, largar e redimensionar v\u00e1rias imagens de uma s\u00f3 vez com op\u00e7\u00f5es flex\u00edveis, como percentagem ou dimens\u00f5es fixas. Suporta a convers\u00e3o de formatos (Auto, JPEG, PNG, WebP), preserva a rela\u00e7\u00e3o de aspeto, evita o aumento do tamanho do ficheiro e permite transferir resultados individuais ou todas as imagens num ZIP.<\/p>\n\n\n\n<div class=\"rsimgtool\">\n\n    <!-- Selector -->\n    <div class=\"dropzone\" id=\"dropzone\" aria-label=\"Largar imagens aqui ou clicar para navegar\">\n      <div class=\"dz-text\">\n        <div style=\"font-size:15px;margin-bottom:6px\">Arrastar e largar at\u00e9 <b id=\"maxFilesText\">20<\/b> imagens aqui ou clique para navegar.<\/div>\n        <div class=\"muted\">(JPEG, PNG, GIF, WebP - outros formatos de imagem tamb\u00e9m ser\u00e3o aceites)<\/div>\n      <\/div>\n      <input id=\"fileInput\" type=\"file\" accept=\"image\/*\" multiple \/>\n    <\/div>\n\n    <!-- Selected input list -->\n    <div class=\"panel\" style=\"margin-top:14px\">\n      <div class=\"section-title\">Imagens selecionadas<\/div>\n      <div id=\"inputList\" class=\"list\"><\/div>\n    <\/div>\n\n    <!-- Options BELOW selector -->\n    <div class=\"panel toolbar\">\n      <div class=\"section-title\">Op\u00e7\u00f5es de redimensionamento<\/div>\n      <div class=\"row\" style=\"margin-bottom:8px\">\n        <div class=\"field\" style=\"min-width:180px\">\n          <label>Modo<\/label>\n          <select id=\"mode\">\n            <option value=\"percent\">Percentagem<\/option>\n            <option value=\"dimensions\">Dimens\u00f5es<\/option>\n          <\/select>\n        <\/div>\n        <div class=\"field\" id=\"percentField\">\n          <label>Percentagem (%)<\/label>\n          <input id=\"percent\" type=\"number\" min=\"1\" max=\"100\" value=\"75\" \/>\n        <\/div>\n        <div id=\"dimFields\" class=\"row\" style=\"display:none\">\n          <div class=\"field\">\n            <label>Largura (px)<\/label>\n            <input id=\"width\" type=\"number\" min=\"1\" placeholder=\"Por exemplo, 1600\" \/>\n          <\/div>\n          <div class=\"field\">\n            <label>Altura (px)<\/label>\n            <input id=\"height\" type=\"number\" min=\"1\" placeholder=\"Por exemplo, 1200\" \/>\n          <\/div>\n          <div class=\"field\" style=\"min-width:200px\">\n            <label>&nbsp;<\/label>\n            <label style=\"display:flex;gap:8px;align-items:center\"><input id=\"keepRatio\" type=\"checkbox\" checked \/> Manter o r\u00e1cio de aspeto<\/label>\n            <div class=\"muted\">Quando selecionado, indicar <b>ou<\/b> largura ou altura; o outro ser\u00e1 apagado automaticamente.<\/div>\n          <\/div>\n        <\/div>\n      <\/div>\n\n      <div class=\"row\" style=\"margin-bottom:10px\">\n        <div class=\"field\" style=\"min-width:180px\">\n          <label>Converter formato<\/label>\n          <select id=\"convert\">\n            <option value=\"auto\">Autom\u00f3vel<\/option>\n            <option value=\"image\/jpeg\">JPEG<\/option>\n            <option value=\"image\/png\">PNG<\/option>\n            <option value=\"image\/webp\">WebP<\/option>\n          <\/select>\n        <\/div>\n        \n      <\/div>\n<div class=\"resizebtn\">\n          <button id=\"resizeBtn\" class=\"btn\">Redimensionar<\/button>\n<a href=\"\" class=\"resetbtn\">Reiniciar<\/a>\n        <\/div>\n      <div class=\"progress\" aria-label=\"Barra de progresso\">\n        <div id=\"bar\" class=\"bar\"><\/div>\n      <\/div>\n    <\/div>\n\n    <!-- Output list -->\n    <div class=\"panel\" style=\"margin-top:16px\">\n      <div class=\"section-title\">Imagens redimensionadas<\/div>\n      <div id=\"outputList\" class=\"list\"><\/div>\n      <div style=\"display:flex;justify-content:flex-end;margin-top:10px\">\n        <button id=\"zipBtn\" class=\"btn secondary\" disabled>Transferir tudo (ZIP)<\/button>\n      <\/div>\n    <\/div>\n  <\/div>\n\n\n<p><strong>Privacidade:<\/strong> Todo o processamento de imagens \u00e9 executado inteiramente no lado do cliente, utilizando tecnologias no navegador (por exemplo, JavaScript). Os dados da imagem nunca saem do seu dispositivo, n\u00e3o s\u00e3o transmitidos pela rede e n\u00e3o s\u00e3o gravados nem armazenados em nenhum servidor. Isto garante total privacidade e seguran\u00e7a, uma vez que todas as opera\u00e7\u00f5es ocorrem no ambiente local do browser.<\/p>\n\n\n\n<h2 class=\"wp-block-heading\">Como utilizar<\/h2>\n\n\n\n<ol class=\"wp-block-list\">\n<li>Arraste e largue at\u00e9 20 imagens para a caixa grande (ou clique para procurar). Ver\u00e1 cada ficheiro listado com o nome, pr\u00e9-visualiza\u00e7\u00e3o, dimens\u00f5es originais, tamanho e um bot\u00e3o Remover.<\/li>\n\n\n\n<li>Escolha um <strong>Modo<\/strong>:<br>- <strong>Percentagem<\/strong> -&gt; introduza uma percentagem para escalar ambos os lados.<br>- <strong>Dimens\u00f5es<\/strong> -&gt; opcionalmente, manter o r\u00e1cio de aspeto. Quando <strong>Manter o r\u00e1cio de aspeto<\/strong> est\u00e1 ligado, digite <strong>ou<\/strong> largura <strong>ou<\/strong> altura (a outra limpa-se automaticamente). Desligue-o para definir ambos.<\/li>\n\n\n\n<li>Escolher <strong>Converter formato<\/strong> (Auto, JPEG, PNG, WebP).<\/li>\n\n\n\n<li>Clicar <strong>Redimensionar<\/strong>. Observe a barra de progresso; aparecem resultados que mostram as dimens\u00f5es e o tamanho antigos e novos.<\/li>\n\n\n\n<li>Descarregar resultados individualmente com <strong>Descarregar<\/strong>, ou clique em <strong>Transferir tudo (ZIP)<\/strong> para guardar tudo de uma vez.<\/li>\n<\/ol>","protected":false},"excerpt":{"rendered":"<p>O Bulk Image Resizer \u00e9 uma ferramenta Web que lhe permite arrastar, largar e redimensionar v\u00e1rias imagens de uma s\u00f3 vez com op\u00e7\u00f5es flex\u00edveis como percentagem ou<\/p>","protected":false},"author":1,"featured_media":92,"parent":0,"menu_order":0,"comment_status":"closed","ping_status":"closed","template":"","meta":{"footnotes":""},"class_list":["post-72","page","type-page","status-publish","has-post-thumbnail","hentry"],"_links":{"self":[{"href":"https:\/\/resizefile.com\/pt\/wp-json\/wp\/v2\/pages\/72","targetHints":{"allow":["GET"]}}],"collection":[{"href":"https:\/\/resizefile.com\/pt\/wp-json\/wp\/v2\/pages"}],"about":[{"href":"https:\/\/resizefile.com\/pt\/wp-json\/wp\/v2\/types\/page"}],"author":[{"embeddable":true,"href":"https:\/\/resizefile.com\/pt\/wp-json\/wp\/v2\/users\/1"}],"replies":[{"embeddable":true,"href":"https:\/\/resizefile.com\/pt\/wp-json\/wp\/v2\/comments?post=72"}],"version-history":[{"count":11,"href":"https:\/\/resizefile.com\/pt\/wp-json\/wp\/v2\/pages\/72\/revisions"}],"predecessor-version":[{"id":113,"href":"https:\/\/resizefile.com\/pt\/wp-json\/wp\/v2\/pages\/72\/revisions\/113"}],"wp:featuredmedia":[{"embeddable":true,"href":"https:\/\/resizefile.com\/pt\/wp-json\/wp\/v2\/media\/92"}],"wp:attachment":[{"href":"https:\/\/resizefile.com\/pt\/wp-json\/wp\/v2\/media?parent=72"}],"curies":[{"name":"wp","href":"https:\/\/api.w.org\/{rel}","templated":true}]}}