{"id":783,"date":"2026-01-21T19:54:09","date_gmt":"2026-01-21T19:54:09","guid":{"rendered":"https:\/\/resizefile.com\/?page_id=783"},"modified":"2026-01-21T20:10:24","modified_gmt":"2026-01-21T20:10:24","slug":"increase-image-size-in-kb","status":"publish","type":"page","link":"https:\/\/resizefile.com\/pt\/increase-image-size-in-kb\/","title":{"rendered":"Aumentar o tamanho da imagem em KB"},"content":{"rendered":"<p>Aumente o tamanho da imagem online em segundos utilizando esta ferramenta baseada no browser. Carregue uma imagem, escolha um tamanho pretendido em KB, pr\u00e9-visualize o resultado e transfira a imagem ampliada instantaneamente sem perda de qualidade ou carregamento do servidor.<\/p>\n\n\n\n<div class=\"img-upscale-box\">\n  <label class=\"img-upscale-drop\">\n    Clique ou largue 1 imagem aqui\n    <input type=\"file\" id=\"imgFile\" accept=\"image\/*\">\n  <\/label>\n\n  <div class=\"img-upscale-preview\" id=\"imgPreview\">\n    <img id=\"previewImg\">\n    <div>\n      <div id=\"fileName\"><\/div>\n      <div id=\"fileSize\"><\/div>\n    <\/div>\n  <\/div>\n\n  <div class=\"img-upscale-controls\">\n    <input type=\"number\" id=\"targetKB\" placeholder=\"Tamanho do objetivo (KB)\" max=\"10000\">\n    <select id=\"outFormat\">\n      <option value=\"original\">Original<\/option>\n      <option value=\"image\/png\">PNG<\/option>\n      <option value=\"image\/jpeg\">JPG \/ JPEG<\/option>\n      <option value=\"image\/webp\">WEBP<\/option>\n    <\/select>\n    <button id=\"increaseBtn\" disabled>Aumentar o tamanho<\/button>\n  <\/div>\n\n  <div class=\"img-upscale-output\" id=\"outputInfo\"><\/div>\n  <a class=\"img-upscale-download\" id=\"downloadLink\" download>Descarregar imagem<\/a>\n<\/div>\n\n\n\n<p>Esta ferramenta permite-lhe aumentar o tamanho do ficheiro de uma imagem para um tamanho espec\u00edfico em KB diretamente no seu browser. \u00c9 \u00fatil quando um s\u00edtio Web, formul\u00e1rio ou plataforma exige que as imagens tenham um tamanho de ficheiro m\u00ednimo e a sua imagem \u00e9 atualmente demasiado pequena.<\/p>\n\n\n\n<p>Tudo \u00e9 executado localmente no seu browser. A sua imagem nunca \u00e9 carregada para um servidor.<\/p>\n\n\n<p><strong>Privacidade:<\/strong> Todo o processamento de imagens \u00e9 executado inteiramente no lado do cliente, utilizando tecnologias no navegador (por exemplo, JavaScript). Os dados da imagem nunca saem do seu dispositivo, n\u00e3o s\u00e3o transmitidos pela rede e n\u00e3o s\u00e3o gravados nem armazenados em nenhum servidor. Isto garante total privacidade e seguran\u00e7a, uma vez que todas as opera\u00e7\u00f5es ocorrem no ambiente local do browser.<\/p>\n\n\n\n<h3 class=\"wp-block-heading\">Quando utilizar esta ferramenta<\/h3>\n\n\n\n<p>Utilize esta ferramenta quando:<\/p>\n\n\n\n<ul class=\"wp-block-list\">\n<li>Um s\u00edtio Web ou uma aplica\u00e7\u00e3o rejeita imagens \u201cdemasiado pequenas\u201d<\/li>\n\n\n\n<li>\u00c9 necess\u00e1rio que uma imagem cumpra um requisito m\u00ednimo de KB<\/li>\n\n\n\n<li>Pretende manter a mesma resolu\u00e7\u00e3o mas aumentar o tamanho do ficheiro de imagem<\/li>\n\n\n\n<li>Necessita de uma solu\u00e7\u00e3o r\u00e1pida e segura offline sem carregamentos<\/li>\n<\/ul>\n\n\n\n<p>Esta ferramenta n\u00e3o se destina a melhorar a qualidade ou a resolu\u00e7\u00e3o da imagem. Apenas ajusta o tamanho do ficheiro.<\/p>\n\n\n\n<h3 class=\"wp-block-heading\">Como utilizar a ferramenta<\/h3>\n\n\n\n<ol class=\"wp-block-list\">\n<li>Clique na \u00e1rea de carregamento e selecione uma imagem<\/li>\n\n\n\n<li>Rever a pr\u00e9-visualiza\u00e7\u00e3o:\n<ul class=\"wp-block-list\">\n<li>Miniatura da imagem<\/li>\n\n\n\n<li>Nome do ficheiro<\/li>\n\n\n\n<li>Tamanho atual em KB<\/li>\n<\/ul>\n<\/li>\n\n\n\n<li>Introduza o tamanho pretendido em KB\n<ul class=\"wp-block-list\">\n<li>O m\u00e1ximo permitido \u00e9 10.000 KB<\/li>\n\n\n\n<li>O tamanho pretendido deve ser maior do que o original<\/li>\n<\/ul>\n<\/li>\n\n\n\n<li>Selecionar o formato de sa\u00edda:\n<ul class=\"wp-block-list\">\n<li>Formato original<\/li>\n\n\n\n<li>PNG<\/li>\n\n\n\n<li>JPG \/ JPEG<\/li>\n\n\n\n<li>WEBP<\/li>\n<\/ul>\n<\/li>\n\n\n\n<li>Clique em Aumentar tamanho<\/li>\n\n\n\n<li>Descarregue a nova imagem e visualize-a:\n<ul class=\"wp-block-list\">\n<li>Tamanho original<\/li>\n\n\n\n<li>Novo tamanho<\/li>\n\n\n\n<li>Aumento em percentagem<\/li>\n<\/ul>\n<\/li>\n<\/ol>\n\n\n\n<h3 class=\"wp-block-heading\">Formatos de imagem suportados<\/h3>\n\n\n\n<p>Pode ser utilizado qualquer formato de imagem suportado pelos browsers modernos, incluindo:<\/p>\n\n\n\n<ul class=\"wp-block-list\">\n<li>JPG \/ JPEG<\/li>\n\n\n\n<li>PNG<\/li>\n\n\n\n<li>WEBP<\/li>\n\n\n\n<li>GIF<\/li>\n\n\n\n<li>BMP<\/li>\n\n\n\n<li>SVG (rasterizado)<\/li>\n<\/ul>\n\n\n\n<p>Os formatos de sa\u00edda dependem do suporte do browser.<\/p>\n\n\n\n<h3 class=\"wp-block-heading\">Como funciona o aumento do tamanho da imagem<\/h3>\n\n\n\n<p>A ferramenta aumenta o tamanho da imagem guardando-a novamente no formato de sa\u00edda selecionado, mantendo o mesmo aspeto visual. Se o ficheiro rec\u00e9m-gerado ainda for mais pequeno do que o tamanho pretendido, s\u00e3o acrescentados dados bin\u00e1rios adicionais inofensivos ao ficheiro at\u00e9 que o tamanho exato seja atingido. Este preenchimento n\u00e3o afecta o aspeto ou a abertura da imagem e mant\u00e9m o ficheiro totalmente v\u00e1lido e visualiz\u00e1vel. A imagem final \u00e9 ent\u00e3o preparada para ser descarregada, com os metadados originais preservados, a menos que o formato escolhido os remova naturalmente.<\/p>\n\n\n\n<p>Nenhum dado EXIF \u00e9 modificado, a menos que o formato escolhido o remova por defeito.<\/p>\n\n\n\n<h3 class=\"wp-block-heading\">Notas importantes<\/h3>\n\n\n\n<ul class=\"wp-block-list\">\n<li>Aumentar o tamanho do ficheiro n\u00e3o <strong>n\u00e3o<\/strong> aumentar a qualidade visual<\/li>\n\n\n\n<li>A resolu\u00e7\u00e3o e as dimens\u00f5es mant\u00eam-se inalteradas<\/li>\n\n\n\n<li>O preenchimento n\u00e3o afecta a forma como a imagem \u00e9 apresentada<\/li>\n\n\n\n<li>Todo o processamento \u00e9 efectuado localmente no seu browser<\/li>\n\n\n\n<li>Funciona melhor em browsers modernos como o Chrome, Edge e Firefox<\/li>\n<\/ul>","protected":false},"excerpt":{"rendered":"<p>Aumente o tamanho da imagem online em segundos utilizando esta ferramenta baseada no browser. Carregue uma imagem, escolha um tamanho pretendido em KB, pr\u00e9-visualize o resultado e transfira a<\/p>","protected":false},"author":1,"featured_media":790,"parent":0,"menu_order":0,"comment_status":"closed","ping_status":"closed","template":"","meta":{"footnotes":""},"class_list":["post-783","page","type-page","status-publish","has-post-thumbnail","hentry"],"_links":{"self":[{"href":"https:\/\/resizefile.com\/pt\/wp-json\/wp\/v2\/pages\/783","targetHints":{"allow":["GET"]}}],"collection":[{"href":"https:\/\/resizefile.com\/pt\/wp-json\/wp\/v2\/pages"}],"about":[{"href":"https:\/\/resizefile.com\/pt\/wp-json\/wp\/v2\/types\/page"}],"author":[{"embeddable":true,"href":"https:\/\/resizefile.com\/pt\/wp-json\/wp\/v2\/users\/1"}],"replies":[{"embeddable":true,"href":"https:\/\/resizefile.com\/pt\/wp-json\/wp\/v2\/comments?post=783"}],"version-history":[{"count":3,"href":"https:\/\/resizefile.com\/pt\/wp-json\/wp\/v2\/pages\/783\/revisions"}],"predecessor-version":[{"id":787,"href":"https:\/\/resizefile.com\/pt\/wp-json\/wp\/v2\/pages\/783\/revisions\/787"}],"wp:featuredmedia":[{"embeddable":true,"href":"https:\/\/resizefile.com\/pt\/wp-json\/wp\/v2\/media\/790"}],"wp:attachment":[{"href":"https:\/\/resizefile.com\/pt\/wp-json\/wp\/v2\/media?parent=783"}],"curies":[{"name":"wp","href":"https:\/\/api.w.org\/{rel}","templated":true}]}}